{"id":7039,"date":"2026-03-13T15:43:22","date_gmt":"2026-03-13T14:43:22","guid":{"rendered":"https:\/\/www.trullidimaya.com\/erlebnisse\/"},"modified":"2026-03-13T16:14:17","modified_gmt":"2026-03-13T15:14:17","slug":"erlebnisse","status":"publish","type":"page","link":"https:\/\/www.trullidimaya.com\/de\/erlebnisse\/","title":{"rendered":"ERLEBNISSE"},"content":{"rendered":"<div class=\"wpb-content-wrapper\"><p>[vc_row css_animation=&#8220;&#8220; row_type=&#8220;row&#8220; use_row_as_full_screen_section=&#8220;no&#8220; type=&#8220;grid&#8220; angled_section=&#8220;no&#8220; text_align=&#8220;center&#8220; background_image_as_pattern=&#8220;without_pattern&#8220; z_index=&#8220;&#8220;][vc_column][vc_empty_space height=&#8220;40px&#8220;][\/vc_column][\/vc_row][vc_row css_animation=&#8220;&#8220; row_type=&#8220;row&#8220; use_row_as_full_screen_section=&#8220;no&#8220; type=&#8220;grid&#8220; angled_section=&#8220;no&#8220; text_align=&#8220;left&#8220; background_image_as_pattern=&#8220;without_pattern&#8220; z_index=&#8220;&#8220; padding_top=&#8220;20&#8243; padding_bottom=&#8220;20&#8243;][vc_column][vc_empty_space height=&#8220;80px&#8220;][\/vc_column][\/vc_row][vc_row css_animation=&#8220;&#8220; row_type=&#8220;row&#8220; use_row_as_full_screen_section=&#8220;no&#8220; type=&#8220;grid&#8220; angled_section=&#8220;no&#8220; text_align=&#8220;center&#8220; background_image_as_pattern=&#8220;without_pattern&#8220; z_index=&#8220;&#8220; padding_bottom=&#8220;30&#8243;][vc_column width=&#8220;1\/3&#8243;][vc_column_text]<\/p>\n<h3 style=\"text-align: center;\">FRISCHE PASTA HERSTELLEN<\/h3>\n<p>[\/vc_column_text][vc_empty_space height=&#8220;12px&#8220;][vc_single_image image=&#8220;7040&#8243; img_size=&#8220;full&#8220; alignment=&#8220;center&#8220; onclick=&#8220;custom_link&#8220; qode_css_animation=&#8220;&#8220; qode_hover_animation=&#8220;zoom_in&#8220; link=&#8220;https:\/\/www.trullidimaya.com\/de\/erlebnisse-buchen\/&#8220;][vc_empty_space height=&#8220;20px&#8220;][vc_empty_space height=&#8220;8px&#8220;][vc_column_text]<\/p>\n<h3>LERNEN SIE MIT UNS, FRISCHE ORECCHIETTE ZU MACHEN, UND BEREITEN SIE FOCACCIA IN EINEM HOLZOFEN ZU<\/h3>\n<p>[\/vc_column_text][\/vc_column][vc_column width=&#8220;1\/3&#8243;][vc_column_text]<\/p>\n<h3 style=\"text-align: center;\">TON-WORKSHOP<\/h3>\n<p>[\/vc_column_text][vc_empty_space height=&#8220;12px&#8220;][vc_single_image image=&#8220;7041&#8243; img_size=&#8220;full&#8220; alignment=&#8220;center&#8220; onclick=&#8220;custom_link&#8220; qode_css_animation=&#8220;&#8220; qode_hover_animation=&#8220;zoom_in&#8220; link=&#8220;https:\/\/www.trullidimaya.com\/de\/erlebnisse-buchen\/&#8220;][vc_empty_space height=&#8220;20px&#8220;][vc_empty_space height=&#8220;8px&#8220;][vc_column_text]<\/p>\n<h3>LASSEN SIE IHRER KREATIVIT\u00c4T FREIEN LAUF UND GESTALTEN SIE MIT UNS IHR GANZ PERS\u00d6NLICHES TONST\u00dcCK<\/h3>\n<p>[\/vc_column_text][\/vc_column][vc_column width=&#8220;1\/3&#8243;][vc_column_text]<\/p>\n<h3 style=\"text-align: center;\">NAT\u00dcRLICHE FARBSTOFFE<\/h3>\n<p>[\/vc_column_text][vc_empty_space height=&#8220;12px&#8220;][vc_single_image image=&#8220;7042&#8243; img_size=&#8220;full&#8220; alignment=&#8220;center&#8220; onclick=&#8220;custom_link&#8220; qode_css_animation=&#8220;&#8220; qode_hover_animation=&#8220;zoom_in&#8220; link=&#8220;https:\/\/www.trullidimaya.com\/de\/erlebnisse-buchen\/&#8220;][vc_empty_space height=&#8220;20px&#8220;][vc_empty_space height=&#8220;8px&#8220;][vc_column_text]<\/p>\n<h3>LERNEN SIE, TEXTILIEN MIT NAT\u00dcRLICHEN FARBEN ZU F\u00c4RBEN<\/h3>\n<p>[\/vc_column_text][\/vc_column][\/vc_row][vc_row css_animation=&#8220;&#8220; row_type=&#8220;row&#8220; use_row_as_full_screen_section=&#8220;no&#8220; type=&#8220;grid&#8220; angled_section=&#8220;no&#8220; text_align=&#8220;center&#8220; background_image_as_pattern=&#8220;without_pattern&#8220; z_index=&#8220;&#8220; padding_top=&#8220;30&#8243;][vc_column width=&#8220;1\/3&#8243;][vc_column_text]<\/p>\n<h3 style=\"text-align: center;\">YOGA- &amp; MEDITATIONSKURSE<\/h3>\n<p>[\/vc_column_text][vc_empty_space height=&#8220;12px&#8220;][vc_single_image image=&#8220;7043&#8243; img_size=&#8220;full&#8220; alignment=&#8220;center&#8220; onclick=&#8220;custom_link&#8220; qode_css_animation=&#8220;&#8220; qode_hover_animation=&#8220;zoom_in&#8220; link=&#8220;https:\/\/www.trullidimaya.com\/de\/erlebnisse-buchen\/&#8220;][vc_empty_space height=&#8220;20px&#8220;][vc_empty_space height=&#8220;8px&#8220;][vc_column_text]<\/p>\n<h3>TAUCHEN SIE EIN IN EINE REISE ZUR SELBSTERKENNTNIS DURCH BEWEGUNG UND MEDITATIONSPRAKTIKEN<\/h3>\n<p>[\/vc_column_text][\/vc_column][vc_column width=&#8220;1\/3&#8243;][vc_column_text]<\/p>\n<h3 style=\"text-align: center;\">ENTSPANNENDE MASSAGE<\/h3>\n<p>[\/vc_column_text][vc_empty_space height=&#8220;12px&#8220;][vc_single_image image=&#8220;7044&#8243; img_size=&#8220;full&#8220; alignment=&#8220;center&#8220; onclick=&#8220;custom_link&#8220; qode_css_animation=&#8220;&#8220; qode_hover_animation=&#8220;zoom_in&#8220; link=&#8220;https:\/\/www.trullidimaya.com\/de\/erlebnisse-buchen\/&#8220;][vc_empty_space height=&#8220;20px&#8220;][vc_empty_space height=&#8220;8px&#8220;][vc_column_text]<\/p>\n<h3>GENIESSEN SIE EINE ENTSPANNENDE UND THERAPEUTISCHE MASSAGE UNTER UNSEREN EICHEN<\/h3>\n<p>[\/vc_column_text][vc_empty_space height=&#8220;20px&#8220;][vc_column_text]<\/p>\n<p style=\"text-align: center;\"><a  itemprop=\"url\" href=\"https:\/\/www.trullidimaya.com\/de\/erlebnisse-buchen\/\" target=\"_self\" data-hover-border-color=#dc9089 data-hover-color=#dc9089 class=\"qbutton  medium center default\" style=\"color: #dc9089; border-color: #dc9089; \">Buchen Sie Ihren Platz<\/a><\/p>\n<p>[\/vc_column_text][vc_empty_space height=&#8220;60px&#8220;][\/vc_column][vc_column width=&#8220;1\/3&#8243;][vc_column_text]<\/p>\n<h3 style=\"text-align: center;\">SOUND HEALING<\/h3>\n<p>[\/vc_column_text][vc_empty_space height=&#8220;12px&#8220;][vc_single_image image=&#8220;7045&#8243; img_size=&#8220;full&#8220; alignment=&#8220;center&#8220; onclick=&#8220;custom_link&#8220; qode_css_animation=&#8220;&#8220; qode_hover_animation=&#8220;zoom_in&#8220; link=&#8220;https:\/\/www.trullidimaya.com\/de\/erlebnisse-buchen\/&#8220;][vc_empty_space height=&#8220;20px&#8220;][vc_empty_space height=&#8220;8px&#8220;][vc_column_text]<\/p>\n<h3>VERBINDEN SIE SICH MIT IHREM INNEREN DURCH DIE HEILENDEN FREQUENZEN VON KLANGSCHALEN<\/h3>\n<p>[\/vc_column_text][\/vc_column][\/vc_row][vc_row css_animation=&#8220;&#8220; row_type=&#8220;row&#8220; use_row_as_full_screen_section=&#8220;no&#8220; type=&#8220;grid&#8220; angled_section=&#8220;no&#8220; text_align=&#8220;left&#8220; background_image_as_pattern=&#8220;without_pattern&#8220; z_index=&#8220;&#8220;][vc_column][vc_empty_space height=&#8220;40px&#8220;][\/vc_column][\/vc_row][vc_row css_animation=&#8220;&#8220; row_type=&#8220;row&#8220; use_row_as_full_screen_section=&#8220;no&#8220; type=&#8220;full_width&#8220; angled_section=&#8220;no&#8220; text_align=&#8220;left&#8220; background_image_as_pattern=&#8220;without_pattern&#8220; z_index=&#8220;&#8220; padding_top=&#8220;100&#8243; padding_bottom=&#8220;100&#8243;][vc_column][vc_column_text]<\/p>\n<h5 style=\"text-align: center;\"><img decoding=\"async\" class=\"alignnone wp-image-1128\" style=\"vertical-align: middle;\" src=\"https:\/\/www.trullidimaya.com\/wp-content\/uploads\/2020\/03\/punto.jpg\" alt=\"\" width=\"19\" height=\"19\" \/> <a href=\"https:\/\/www.facebook.com\/mayadutuni\" target=\"_blank\" rel=\"noopener noreferrer\">FACEBOOK<\/a> <a href=\"https:\/\/www.instagram.com\/trullidimaya\/\" target=\"_blank\" rel=\"noopener noreferrer\">INSTAGRAM<\/a> <a href=\"https:\/\/www.trullidimaya.com\/it\/term-and-conditions\/\">AGB <\/a> DATENSCHUTZBESTIMMUNGEN FAQ<\/h5>\n<p>[\/vc_column_text][\/vc_column][\/vc_row][vc_row css_animation=&#8220;&#8220; row_type=&#8220;row&#8220; use_row_as_full_screen_section=&#8220;no&#8220; type=&#8220;full_width&#8220; angled_section=&#8220;no&#8220; text_align=&#8220;left&#8220; background_image_as_pattern=&#8220;without_pattern&#8220;][vc_column][vc_empty_space height=&#8220;64px&#8220;][\/vc_column][\/vc_row]<\/p>\n<\/div>","protected":false},"excerpt":{"rendered":"<p>[vc_row css_animation=&#8220;&#8220; row_type=&#8220;row&#8220; use_row_as_full_screen_section=&#8220;no&#8220; type=&#8220;grid&#8220; angled_section=&#8220;no&#8220; text_align=&#8220;center&#8220; background_image_as_pattern=&#8220;without_pattern&#8220; z_index=&#8220;&#8220;][vc_column][vc_empty_space height=&#8220;40px&#8220;][\/vc_column][\/vc_row][vc_row css_animation=&#8220;&#8220; row_type=&#8220;row&#8220; use_row_as_full_screen_section=&#8220;no&#8220; type=&#8220;grid&#8220; angled_section=&#8220;no&#8220; text_align=&#8220;left&#8220; background_image_as_pattern=&#8220;without_pattern&#8220; z_index=&#8220;&#8220; padding_top=&#8220;20&#8243; padding_bottom=&#8220;20&#8243;][vc_column][vc_empty_space height=&#8220;80px&#8220;][\/vc_column][\/vc_row][vc_row css_animation=&#8220;&#8220; row_type=&#8220;row&#8220; use_row_as_full_screen_section=&#8220;no&#8220; type=&#8220;grid&#8220; angled_section=&#8220;no&#8220; text_align=&#8220;center&#8220; background_image_as_pattern=&#8220;without_pattern&#8220; z_index=&#8220;&#8220; padding_bottom=&#8220;30&#8243;][vc_column width=&#8220;1\/3&#8243;][vc_column_text] FRISCHE PASTA HERSTELLEN [\/vc_column_text][vc_empty_space height=&#8220;12px&#8220;][vc_single_image image=&#8220;7040&#8243; img_size=&#8220;full&#8220; alignment=&#8220;center&#8220; onclick=&#8220;custom_link&#8220; qode_css_animation=&#8220;&#8220; qode_hover_animation=&#8220;zoom_in&#8220; link=&#8220;https:\/\/www.trullidimaya.com\/de\/erlebnisse-buchen\/&#8220;][vc_empty_space height=&#8220;20px&#8220;][vc_empty_space height=&#8220;8px&#8220;][vc_column_text]&#8230;<\/p>\n","protected":false},"author":1,"featured_media":0,"parent":0,"menu_order":0,"comment_status":"closed","ping_status":"closed","template":"","meta":{"footnotes":""},"class_list":["post-7039","page","type-page","status-publish","hentry"],"yoast_head":"<!-- This site is optimized with the Yoast SEO plugin v27.1.1 - https:\/\/yoast.com\/product\/yoast-seo-wordpress\/ -->\n<title>ERLEBNISSE - Trulli di Maya<\/title>\n<meta name=\"robots\" content=\"index, follow, max-snippet:-1, max-image-preview:large, max-video-preview:-1\" \/>\n<link rel=\"canonical\" href=\"https:\/\/www.trullidimaya.com\/de\/erlebnisse\/\" \/>\n<meta property=\"og:locale\" content=\"de_DE\" \/>\n<meta property=\"og:type\" content=\"article\" \/>\n<meta property=\"og:title\" content=\"ERLEBNISSE - Trulli di Maya\" \/>\n<meta property=\"og:description\" content=\"[vc_row css_animation=&#8220;&#8220; row_type=&#8220;row&#8220; use_row_as_full_screen_section=&#8220;no&#8220; type=&#8220;grid&#8220; angled_section=&#8220;no&#8220; text_align=&#8220;center&#8220; background_image_as_pattern=&#8220;without_pattern&#8220; z_index=&#8220;&#8220;][vc_column][vc_empty_space height=&#8220;40px&#8220;][\/vc_column][\/vc_row][vc_row css_animation=&#8220;&#8220; row_type=&#8220;row&#8220; use_row_as_full_screen_section=&#8220;no&#8220; type=&#8220;grid&#8220; angled_section=&#8220;no&#8220; text_align=&#8220;left&#8220; background_image_as_pattern=&#8220;without_pattern&#8220; z_index=&#8220;&#8220; padding_top=&#8220;20&#8243; padding_bottom=&#8220;20&#8243;][vc_column][vc_empty_space height=&#8220;80px&#8220;][\/vc_column][\/vc_row][vc_row css_animation=&#8220;&#8220; row_type=&#8220;row&#8220; use_row_as_full_screen_section=&#8220;no&#8220; type=&#8220;grid&#8220; angled_section=&#8220;no&#8220; text_align=&#8220;center&#8220; background_image_as_pattern=&#8220;without_pattern&#8220; z_index=&#8220;&#8220; padding_bottom=&#8220;30&#8243;][vc_column width=&#8220;1\/3&#8243;][vc_column_text] FRISCHE PASTA HERSTELLEN [\/vc_column_text][vc_empty_space height=&#8220;12px&#8220;][vc_single_image image=&#8220;7040&#8243; img_size=&#8220;full&#8220; alignment=&#8220;center&#8220; onclick=&#8220;custom_link&#8220; qode_css_animation=&#8220;&#8220; qode_hover_animation=&#8220;zoom_in&#8220; link=&#8220;https:\/\/www.trullidimaya.com\/de\/erlebnisse-buchen\/&#8220;][vc_empty_space height=&#8220;20px&#8220;][vc_empty_space height=&#8220;8px&#8220;][vc_column_text]...\" \/>\n<meta property=\"og:url\" content=\"https:\/\/www.trullidimaya.com\/de\/erlebnisse\/\" \/>\n<meta property=\"og:site_name\" content=\"Trulli di Maya\" \/>\n<meta property=\"article:modified_time\" content=\"2026-03-13T15:14:17+00:00\" \/>\n<meta property=\"og:image\" content=\"https:\/\/www.trullidimaya.com\/wp-content\/uploads\/2020\/03\/punto.jpg\" \/>\n<meta name=\"twitter:card\" content=\"summary_large_image\" \/>\n<meta name=\"twitter:label1\" content=\"Gesch\u00e4tzte Lesezeit\" \/>\n\t<meta name=\"twitter:data1\" content=\"3\u00a0Minuten\" \/>\n<script type=\"application\/ld+json\" class=\"yoast-schema-graph\">{\"@context\":\"https:\/\/schema.org\",\"@graph\":[{\"@type\":\"WebPage\",\"@id\":\"https:\/\/www.trullidimaya.com\/de\/erlebnisse\/\",\"url\":\"https:\/\/www.trullidimaya.com\/de\/erlebnisse\/\",\"name\":\"ERLEBNISSE - Trulli di Maya\",\"isPartOf\":{\"@id\":\"https:\/\/www.trullidimaya.com\/de\/#website\"},\"primaryImageOfPage\":{\"@id\":\"https:\/\/www.trullidimaya.com\/de\/erlebnisse\/#primaryimage\"},\"image\":{\"@id\":\"https:\/\/www.trullidimaya.com\/de\/erlebnisse\/#primaryimage\"},\"thumbnailUrl\":\"https:\/\/www.trullidimaya.com\/wp-content\/uploads\/2020\/03\/punto.jpg\",\"datePublished\":\"2026-03-13T14:43:22+00:00\",\"dateModified\":\"2026-03-13T15:14:17+00:00\",\"breadcrumb\":{\"@id\":\"https:\/\/www.trullidimaya.com\/de\/erlebnisse\/#breadcrumb\"},\"inLanguage\":\"de\",\"potentialAction\":[{\"@type\":\"ReadAction\",\"target\":[\"https:\/\/www.trullidimaya.com\/de\/erlebnisse\/\"]}]},{\"@type\":\"ImageObject\",\"inLanguage\":\"de\",\"@id\":\"https:\/\/www.trullidimaya.com\/de\/erlebnisse\/#primaryimage\",\"url\":\"https:\/\/www.trullidimaya.com\/wp-content\/uploads\/2020\/03\/punto.jpg\",\"contentUrl\":\"https:\/\/www.trullidimaya.com\/wp-content\/uploads\/2020\/03\/punto.jpg\"},{\"@type\":\"BreadcrumbList\",\"@id\":\"https:\/\/www.trullidimaya.com\/de\/erlebnisse\/#breadcrumb\",\"itemListElement\":[{\"@type\":\"ListItem\",\"position\":1,\"name\":\"Home\",\"item\":\"https:\/\/www.trullidimaya.com\/de\/\"},{\"@type\":\"ListItem\",\"position\":2,\"name\":\"ERLEBNISSE\"}]},{\"@type\":\"WebSite\",\"@id\":\"https:\/\/www.trullidimaya.com\/de\/#website\",\"url\":\"https:\/\/www.trullidimaya.com\/de\/\",\"name\":\"Trulli di Maya\",\"description\":\"Il giardino dell\u2019anima\",\"potentialAction\":[{\"@type\":\"SearchAction\",\"target\":{\"@type\":\"EntryPoint\",\"urlTemplate\":\"https:\/\/www.trullidimaya.com\/de\/?s={search_term_string}\"},\"query-input\":{\"@type\":\"PropertyValueSpecification\",\"valueRequired\":true,\"valueName\":\"search_term_string\"}}],\"inLanguage\":\"de\"}]}<\/script>\n<!-- \/ Yoast SEO plugin. -->","yoast_head_json":{"title":"ERLEBNISSE - Trulli di Maya","robots":{"index":"index","follow":"follow","max-snippet":"max-snippet:-1","max-image-preview":"max-image-preview:large","max-video-preview":"max-video-preview:-1"},"canonical":"https:\/\/www.trullidimaya.com\/de\/erlebnisse\/","og_locale":"de_DE","og_type":"article","og_title":"ERLEBNISSE - Trulli di Maya","og_description":"[vc_row css_animation=&#8220;&#8220; row_type=&#8220;row&#8220; use_row_as_full_screen_section=&#8220;no&#8220; type=&#8220;grid&#8220; angled_section=&#8220;no&#8220; text_align=&#8220;center&#8220; background_image_as_pattern=&#8220;without_pattern&#8220; z_index=&#8220;&#8220;][vc_column][vc_empty_space height=&#8220;40px&#8220;][\/vc_column][\/vc_row][vc_row css_animation=&#8220;&#8220; row_type=&#8220;row&#8220; use_row_as_full_screen_section=&#8220;no&#8220; type=&#8220;grid&#8220; angled_section=&#8220;no&#8220; text_align=&#8220;left&#8220; background_image_as_pattern=&#8220;without_pattern&#8220; z_index=&#8220;&#8220; padding_top=&#8220;20&#8243; padding_bottom=&#8220;20&#8243;][vc_column][vc_empty_space height=&#8220;80px&#8220;][\/vc_column][\/vc_row][vc_row css_animation=&#8220;&#8220; row_type=&#8220;row&#8220; use_row_as_full_screen_section=&#8220;no&#8220; type=&#8220;grid&#8220; angled_section=&#8220;no&#8220; text_align=&#8220;center&#8220; background_image_as_pattern=&#8220;without_pattern&#8220; z_index=&#8220;&#8220; padding_bottom=&#8220;30&#8243;][vc_column width=&#8220;1\/3&#8243;][vc_column_text] FRISCHE PASTA HERSTELLEN [\/vc_column_text][vc_empty_space height=&#8220;12px&#8220;][vc_single_image image=&#8220;7040&#8243; img_size=&#8220;full&#8220; alignment=&#8220;center&#8220; onclick=&#8220;custom_link&#8220; qode_css_animation=&#8220;&#8220; qode_hover_animation=&#8220;zoom_in&#8220; link=&#8220;https:\/\/www.trullidimaya.com\/de\/erlebnisse-buchen\/&#8220;][vc_empty_space height=&#8220;20px&#8220;][vc_empty_space height=&#8220;8px&#8220;][vc_column_text]...","og_url":"https:\/\/www.trullidimaya.com\/de\/erlebnisse\/","og_site_name":"Trulli di Maya","article_modified_time":"2026-03-13T15:14:17+00:00","og_image":[{"url":"https:\/\/www.trullidimaya.com\/wp-content\/uploads\/2020\/03\/punto.jpg","type":"","width":"","height":""}],"twitter_card":"summary_large_image","twitter_misc":{"Gesch\u00e4tzte Lesezeit":"3\u00a0Minuten"},"schema":{"@context":"https:\/\/schema.org","@graph":[{"@type":"WebPage","@id":"https:\/\/www.trullidimaya.com\/de\/erlebnisse\/","url":"https:\/\/www.trullidimaya.com\/de\/erlebnisse\/","name":"ERLEBNISSE - Trulli di Maya","isPartOf":{"@id":"https:\/\/www.trullidimaya.com\/de\/#website"},"primaryImageOfPage":{"@id":"https:\/\/www.trullidimaya.com\/de\/erlebnisse\/#primaryimage"},"image":{"@id":"https:\/\/www.trullidimaya.com\/de\/erlebnisse\/#primaryimage"},"thumbnailUrl":"https:\/\/www.trullidimaya.com\/wp-content\/uploads\/2020\/03\/punto.jpg","datePublished":"2026-03-13T14:43:22+00:00","dateModified":"2026-03-13T15:14:17+00:00","breadcrumb":{"@id":"https:\/\/www.trullidimaya.com\/de\/erlebnisse\/#breadcrumb"},"inLanguage":"de","potentialAction":[{"@type":"ReadAction","target":["https:\/\/www.trullidimaya.com\/de\/erlebnisse\/"]}]},{"@type":"ImageObject","inLanguage":"de","@id":"https:\/\/www.trullidimaya.com\/de\/erlebnisse\/#primaryimage","url":"https:\/\/www.trullidimaya.com\/wp-content\/uploads\/2020\/03\/punto.jpg","contentUrl":"https:\/\/www.trullidimaya.com\/wp-content\/uploads\/2020\/03\/punto.jpg"},{"@type":"BreadcrumbList","@id":"https:\/\/www.trullidimaya.com\/de\/erlebnisse\/#breadcrumb","itemListElement":[{"@type":"ListItem","position":1,"name":"Home","item":"https:\/\/www.trullidimaya.com\/de\/"},{"@type":"ListItem","position":2,"name":"ERLEBNISSE"}]},{"@type":"WebSite","@id":"https:\/\/www.trullidimaya.com\/de\/#website","url":"https:\/\/www.trullidimaya.com\/de\/","name":"Trulli di Maya","description":"Il giardino dell\u2019anima","potentialAction":[{"@type":"SearchAction","target":{"@type":"EntryPoint","urlTemplate":"https:\/\/www.trullidimaya.com\/de\/?s={search_term_string}"},"query-input":{"@type":"PropertyValueSpecification","valueRequired":true,"valueName":"search_term_string"}}],"inLanguage":"de"}]}},"_links":{"self":[{"href":"https:\/\/www.trullidimaya.com\/de\/wp-json\/wp\/v2\/pages\/7039","targetHints":{"allow":["GET"]}}],"collection":[{"href":"https:\/\/www.trullidimaya.com\/de\/wp-json\/wp\/v2\/pages"}],"about":[{"href":"https:\/\/www.trullidimaya.com\/de\/wp-json\/wp\/v2\/types\/page"}],"author":[{"embeddable":true,"href":"https:\/\/www.trullidimaya.com\/de\/wp-json\/wp\/v2\/users\/1"}],"replies":[{"embeddable":true,"href":"https:\/\/www.trullidimaya.com\/de\/wp-json\/wp\/v2\/comments?post=7039"}],"version-history":[{"count":8,"href":"https:\/\/www.trullidimaya.com\/de\/wp-json\/wp\/v2\/pages\/7039\/revisions"}],"predecessor-version":[{"id":7703,"href":"https:\/\/www.trullidimaya.com\/de\/wp-json\/wp\/v2\/pages\/7039\/revisions\/7703"}],"wp:attachment":[{"href":"https:\/\/www.trullidimaya.com\/de\/wp-json\/wp\/v2\/media?parent=7039"}],"curies":[{"name":"wp","href":"https:\/\/api.w.org\/{rel}","templated":true}]}}