{"id":7057,"date":"2026-03-13T15:43:34","date_gmt":"2026-03-13T14:43:34","guid":{"rendered":"https:\/\/www.trullidimaya.com\/landleben\/"},"modified":"2026-03-13T15:43:35","modified_gmt":"2026-03-13T14:43:35","slug":"landleben","status":"publish","type":"page","link":"https:\/\/www.trullidimaya.com\/de\/landleben\/","title":{"rendered":"LANDLEBEN"},"content":{"rendered":"<div class=\"wpb-content-wrapper\"><p>[vc_row css_animation=&#8220;&#8220; row_type=&#8220;row&#8220; use_row_as_full_screen_section=&#8220;no&#8220; type=&#8220;grid&#8220; angled_section=&#8220;no&#8220; text_align=&#8220;center&#8220; background_image_as_pattern=&#8220;without_pattern&#8220; z_index=&#8220;&#8220;][vc_column][vc_empty_space height=&#8220;40px&#8220;][\/vc_column][\/vc_row][vc_row css_animation=&#8220;&#8220; row_type=&#8220;row&#8220; use_row_as_full_screen_section=&#8220;no&#8220; type=&#8220;grid&#8220; angled_section=&#8220;no&#8220; text_align=&#8220;left&#8220; background_image_as_pattern=&#8220;without_pattern&#8220; z_index=&#8220;&#8220;][vc_column][vc_single_image image=&#8220;7064&#8243; img_size=&#8220;full&#8220; alignment=&#8220;center&#8220; qode_css_animation=&#8220;&#8220;][\/vc_column][\/vc_row][vc_row css_animation=&#8220;&#8220; row_type=&#8220;row&#8220; use_row_as_full_screen_section=&#8220;no&#8220; type=&#8220;grid&#8220; angled_section=&#8220;no&#8220; text_align=&#8220;center&#8220; background_image_as_pattern=&#8220;without_pattern&#8220; z_index=&#8220;&#8220;][vc_column][vc_empty_space height=&#8220;80px&#8220;][\/vc_column][\/vc_row][vc_row css_animation=&#8220;&#8220; row_type=&#8220;row&#8220; use_row_as_full_screen_section=&#8220;no&#8220; type=&#8220;grid&#8220; angled_section=&#8220;no&#8220; text_align=&#8220;left&#8220; background_image_as_pattern=&#8220;without_pattern&#8220; z_index=&#8220;&#8220;][vc_column][vc_column_text]<\/p>\n<h4>DAS LEBEN IN DEN TRULLI<\/h4>\n<h2 class=\"p1\"><\/h2>\n<p>[\/vc_column_text][vc_empty_space height=&#8220;10px&#8220;][\/vc_column][\/vc_row][vc_row css_animation=&#8220;&#8220; row_type=&#8220;row&#8220; use_row_as_full_screen_section=&#8220;no&#8220; type=&#8220;grid&#8220; angled_section=&#8220;no&#8220; text_align=&#8220;left&#8220; background_image_as_pattern=&#8220;without_pattern&#8220; z_index=&#8220;&#8220;][vc_column][vc_column_text]<\/p>\n<p class=\"p1\">Das Leben in den Trulli bedeutet, den Wert der Einfachheit wiederzuentdecken: frische Eier, morgens gesammelt, Gem\u00fcse aus dem Garten, reife Fr\u00fcchte und Oliven\u00f6l von unserem Land. Jeder Tag ist eine Einladung, sich im Einklang mit der Natur zu n\u00e4hren, geleitet von ihren Rhythmen und ihrer gro\u00dfz\u00fcgigen F\u00fclle. <\/p>\n<p>[\/vc_column_text][vc_empty_space height=&#8220;40px&#8220;][\/vc_column][\/vc_row][vc_row css_animation=&#8220;&#8220; row_type=&#8220;row&#8220; use_row_as_full_screen_section=&#8220;no&#8220; type=&#8220;grid&#8220; angled_section=&#8220;no&#8220; text_align=&#8220;left&#8220; background_image_as_pattern=&#8220;without_pattern&#8220; z_index=&#8220;&#8220;][vc_column width=&#8220;1\/2&#8243;][vc_single_image image=&#8220;6975&#8243; img_size=&#8220;full&#8220; alignment=&#8220;center&#8220; qode_css_animation=&#8220;&#8220;][vc_empty_space height=&#8220;40px&#8220;][\/vc_column][vc_column width=&#8220;1\/2&#8243;][vc_single_image image=&#8220;6974&#8243; img_size=&#8220;full&#8220; alignment=&#8220;center&#8220; qode_css_animation=&#8220;&#8220;][vc_empty_space height=&#8220;40px&#8220;][\/vc_column][\/vc_row][vc_row css_animation=&#8220;&#8220; row_type=&#8220;row&#8220; use_row_as_full_screen_section=&#8220;no&#8220; type=&#8220;grid&#8220; angled_section=&#8220;no&#8220; text_align=&#8220;left&#8220; background_image_as_pattern=&#8220;without_pattern&#8220; z_index=&#8220;&#8220;][vc_column][vc_empty_space height=&#8220;40px&#8220;][vc_column_text]<\/p>\n<h4>UNSERE WACHSENDE FAMILIE<\/h4>\n<h2 class=\"p1\"><\/h2>\n<p>[\/vc_column_text][vc_empty_space height=&#8220;10px&#8220;][vc_column_text]<\/p>\n<p class=\"p1\">Unsere Familie w\u00e4chst mit der Zeit und erf\u00fcllt jeden Tag mit S\u00fc\u00dfe und Staunen. Tina, Romeo und der kleine Gelso \u2013 unsere liebenswerten Esel \u2013 sind ruhige Begleiter, die Freude und Pr\u00e4senz schenken. Um sie herum bringen H\u00fchner, H\u00e4hne, Enten, Katzen und Ziegen eine lebendige, authentische Energie in die Trulli. Das Leben hier offenbart sich in seinen wahrsten Gesten, bestehend aus spontanen L\u00e4cheln und kleinen t\u00e4glichen Geschenken, die das Herz erw\u00e4rmen.   <\/p>\n<p>[\/vc_column_text][vc_empty_space height=&#8220;40px&#8220;][\/vc_column][\/vc_row][vc_row css_animation=&#8220;&#8220; row_type=&#8220;row&#8220; use_row_as_full_screen_section=&#8220;no&#8220; type=&#8220;grid&#8220; angled_section=&#8220;no&#8220; text_align=&#8220;left&#8220; background_image_as_pattern=&#8220;without_pattern&#8220; z_index=&#8220;&#8220;][vc_column width=&#8220;1\/2&#8243;][vc_single_image image=&#8220;7065&#8243; img_size=&#8220;full&#8220; alignment=&#8220;center&#8220; qode_css_animation=&#8220;&#8220;][vc_empty_space height=&#8220;40px&#8220;][\/vc_column][vc_column width=&#8220;1\/2&#8243;][vc_single_image image=&#8220;7021&#8243; img_size=&#8220;full&#8220; alignment=&#8220;center&#8220; qode_css_animation=&#8220;&#8220;][vc_empty_space height=&#8220;40px&#8220;][\/vc_column][\/vc_row][vc_row css_animation=&#8220;&#8220; row_type=&#8220;row&#8220; use_row_as_full_screen_section=&#8220;no&#8220; type=&#8220;grid&#8220; angled_section=&#8220;no&#8220; text_align=&#8220;left&#8220; background_image_as_pattern=&#8220;without_pattern&#8220; z_index=&#8220;&#8220;][vc_column][vc_empty_space height=&#8220;40px&#8220;][vc_column_text]<\/p>\n<h4>LANDSCHAFTLICHE WANDERUNGEN<\/h4>\n<h2 class=\"p1\"><\/h2>\n<p>[\/vc_column_text][vc_empty_space height=&#8220;10px&#8220;][vc_column_text]Rund um die Trulli verzaubert eine Landschaft die Sinne: intensive D\u00fcfte, lebendige Farben und Wege, die zum langsamen Gehen einladen. Zu Fu\u00df, mit dem Fahrrad oder zu Pferd k\u00f6nnen Sie die umliegende Landschaft erkunden und sich von der authentischen Sch\u00f6nheit Apuliens leiten lassen. Eine 25 km lange Route beginnt direkt hier, um sich in der Wunderwelt eines gro\u00dfz\u00fcgigen und zeitlosen Landes zu verlieren.[\/vc_column_text][vc_empty_space height=&#8220;40px&#8220;][\/vc_column][\/vc_row][vc_row css_animation=&#8220;&#8220; row_type=&#8220;row&#8220; use_row_as_full_screen_section=&#8220;no&#8220; type=&#8220;grid&#8220; angled_section=&#8220;no&#8220; text_align=&#8220;left&#8220; background_image_as_pattern=&#8220;without_pattern&#8220; z_index=&#8220;&#8220;][vc_column width=&#8220;1\/2&#8243;][vc_single_image image=&#8220;7063&#8243; img_size=&#8220;full&#8220; alignment=&#8220;center&#8220; qode_css_animation=&#8220;&#8220;][vc_empty_space height=&#8220;40px&#8220;][\/vc_column][vc_column width=&#8220;1\/2&#8243;][vc_single_image image=&#8220;7062&#8243; img_size=&#8220;full&#8220; alignment=&#8220;center&#8220; qode_css_animation=&#8220;&#8220;][vc_empty_space height=&#8220;40px&#8220;][\/vc_column][\/vc_row][vc_row css_animation=&#8220;&#8220; row_type=&#8220;row&#8220; use_row_as_full_screen_section=&#8220;no&#8220; type=&#8220;grid&#8220; angled_section=&#8220;no&#8220; text_align=&#8220;left&#8220; background_image_as_pattern=&#8220;without_pattern&#8220; z_index=&#8220;&#8220;][vc_column][vc_empty_space height=&#8220;40px&#8220;][vc_column_text]<\/p>\n<h4>K\u00dcSTENFLUCHTEN<\/h4>\n<h2 class=\"p1\"><\/h2>\n<p>[\/vc_column_text][vc_empty_space height=&#8220;10px&#8220;][vc_column_text]<\/p>\n<p data-start=\"1272\" data-end=\"1666\">Nur wenige Kilometer von den Trulli entfernt \u00f6ffnet sich die Landschaft dem Blau des Meeres. In nur 20\u201330 Minuten mit dem Auto erreichen Sie die K\u00fcste, wo goldene Str\u00e4nde und kristallklares Wasser diejenigen empfangen, die den Atem des Mittelmeers suchen. Unter ihnen ragt das Naturschutzgebiet Torre Guaceto als gesch\u00fctzter Winkel reiner Sch\u00f6nheit hervor, wo sich die Natur in perfekter Harmonie ausdr\u00fcckt.  <\/p>\n<p>[\/vc_column_text][vc_empty_space height=&#8220;40px&#8220;][\/vc_column][\/vc_row][vc_row css_animation=&#8220;&#8220; row_type=&#8220;row&#8220; use_row_as_full_screen_section=&#8220;no&#8220; type=&#8220;grid&#8220; angled_section=&#8220;no&#8220; text_align=&#8220;left&#8220; background_image_as_pattern=&#8220;without_pattern&#8220; z_index=&#8220;&#8220;][vc_column width=&#8220;1\/2&#8243;][vc_empty_space height=&#8220;40px&#8220;][\/vc_column][vc_column width=&#8220;1\/2&#8243;][vc_empty_space height=&#8220;40px&#8220;][\/vc_column][\/vc_row][vc_row css_animation=&#8220;&#8220; row_type=&#8220;row&#8220; use_row_as_full_screen_section=&#8220;no&#8220; type=&#8220;grid&#8220; angled_section=&#8220;no&#8220; text_align=&#8220;left&#8220; background_image_as_pattern=&#8220;without_pattern&#8220; z_index=&#8220;&#8220;][vc_column][vc_empty_space height=&#8220;80px&#8220;][\/vc_column][\/vc_row][vc_row css_animation=&#8220;&#8220; row_type=&#8220;row&#8220; use_row_as_full_screen_section=&#8220;no&#8220; type=&#8220;full_width&#8220; angled_section=&#8220;no&#8220; text_align=&#8220;left&#8220; background_image_as_pattern=&#8220;without_pattern&#8220; z_index=&#8220;&#8220; padding_top=&#8220;100&#8243; padding_bottom=&#8220;100&#8243;][vc_column][vc_column_text]<\/p>\n<h5 style=\"text-align: center;\"><img decoding=\"async\" class=\"alignnone wp-image-1128\" style=\"vertical-align: middle;\" src=\"https:\/\/www.trullidimaya.com\/wp-content\/uploads\/2020\/03\/punto.jpg\" alt=\"\" width=\"19\" height=\"19\">       <a href=\"https:\/\/www.facebook.com\/mayadutuni\" target=\"_blank\" rel=\"noopener noreferrer\">FACEBOOK<\/a>       <a href=\"https:\/\/www.instagram.com\/trullidimaya\/\" target=\"_blank\" rel=\"noopener noreferrer\">INSTAGRAM<\/a>      <a href=\"https:\/\/www.trullidimaya.com\/it\/term-and-conditions\/\">AGB <\/a> DATENSCHUTZBESTIMMUNGEN FAQ<\/h5>\n<p>[\/vc_column_text][\/vc_column][\/vc_row][vc_row css_animation=&#8220;&#8220; row_type=&#8220;row&#8220; use_row_as_full_screen_section=&#8220;no&#8220; type=&#8220;full_width&#8220; angled_section=&#8220;no&#8220; text_align=&#8220;left&#8220; background_image_as_pattern=&#8220;without_pattern&#8220;][vc_column][vc_empty_space height=&#8220;64px&#8220;][\/vc_column][\/vc_row]<\/p>\n<\/div>","protected":false},"excerpt":{"rendered":"<p>[vc_row css_animation=&#8220;&#8220; row_type=&#8220;row&#8220; use_row_as_full_screen_section=&#8220;no&#8220; type=&#8220;grid&#8220; angled_section=&#8220;no&#8220; text_align=&#8220;center&#8220; background_image_as_pattern=&#8220;without_pattern&#8220; z_index=&#8220;&#8220;][vc_column][vc_empty_space height=&#8220;40px&#8220;][\/vc_column][\/vc_row][vc_row css_animation=&#8220;&#8220; row_type=&#8220;row&#8220; use_row_as_full_screen_section=&#8220;no&#8220; type=&#8220;grid&#8220; angled_section=&#8220;no&#8220; text_align=&#8220;left&#8220; background_image_as_pattern=&#8220;without_pattern&#8220; z_index=&#8220;&#8220;][vc_column][vc_single_image image=&#8220;7064&#8243; img_size=&#8220;full&#8220; alignment=&#8220;center&#8220; qode_css_animation=&#8220;&#8220;][\/vc_column][\/vc_row][vc_row css_animation=&#8220;&#8220; row_type=&#8220;row&#8220; use_row_as_full_screen_section=&#8220;no&#8220; type=&#8220;grid&#8220; angled_section=&#8220;no&#8220; text_align=&#8220;center&#8220; background_image_as_pattern=&#8220;without_pattern&#8220; z_index=&#8220;&#8220;][vc_column][vc_empty_space height=&#8220;80px&#8220;][\/vc_column][\/vc_row][vc_row css_animation=&#8220;&#8220; row_type=&#8220;row&#8220; use_row_as_full_screen_section=&#8220;no&#8220; type=&#8220;grid&#8220; angled_section=&#8220;no&#8220; text_align=&#8220;left&#8220; background_image_as_pattern=&#8220;without_pattern&#8220; z_index=&#8220;&#8220;][vc_column][vc_column_text] DAS LEBEN IN DEN TRULLI [\/vc_column_text][vc_empty_space&#8230;<\/p>\n","protected":false},"author":1,"featured_media":0,"parent":0,"menu_order":0,"comment_status":"closed","ping_status":"closed","template":"","meta":{"footnotes":""},"class_list":["post-7057","page","type-page","status-publish","hentry"],"yoast_head":"<!-- This site is optimized with the Yoast SEO plugin v27.1.1 - https:\/\/yoast.com\/product\/yoast-seo-wordpress\/ -->\n<title>LANDLEBEN - Trulli di Maya<\/title>\n<meta name=\"robots\" content=\"index, follow, max-snippet:-1, max-image-preview:large, max-video-preview:-1\" \/>\n<link rel=\"canonical\" href=\"https:\/\/www.trullidimaya.com\/de\/landleben\/\" \/>\n<meta property=\"og:locale\" content=\"de_DE\" \/>\n<meta property=\"og:type\" content=\"article\" \/>\n<meta property=\"og:title\" content=\"LANDLEBEN - Trulli di Maya\" \/>\n<meta property=\"og:description\" content=\"[vc_row css_animation=&#8220;&#8220; row_type=&#8220;row&#8220; use_row_as_full_screen_section=&#8220;no&#8220; type=&#8220;grid&#8220; angled_section=&#8220;no&#8220; text_align=&#8220;center&#8220; background_image_as_pattern=&#8220;without_pattern&#8220; z_index=&#8220;&#8220;][vc_column][vc_empty_space height=&#8220;40px&#8220;][\/vc_column][\/vc_row][vc_row css_animation=&#8220;&#8220; row_type=&#8220;row&#8220; use_row_as_full_screen_section=&#8220;no&#8220; type=&#8220;grid&#8220; angled_section=&#8220;no&#8220; text_align=&#8220;left&#8220; background_image_as_pattern=&#8220;without_pattern&#8220; z_index=&#8220;&#8220;][vc_column][vc_single_image image=&#8220;7064&#8243; img_size=&#8220;full&#8220; alignment=&#8220;center&#8220; qode_css_animation=&#8220;&#8220;][\/vc_column][\/vc_row][vc_row css_animation=&#8220;&#8220; row_type=&#8220;row&#8220; use_row_as_full_screen_section=&#8220;no&#8220; type=&#8220;grid&#8220; angled_section=&#8220;no&#8220; text_align=&#8220;center&#8220; background_image_as_pattern=&#8220;without_pattern&#8220; z_index=&#8220;&#8220;][vc_column][vc_empty_space height=&#8220;80px&#8220;][\/vc_column][\/vc_row][vc_row css_animation=&#8220;&#8220; row_type=&#8220;row&#8220; use_row_as_full_screen_section=&#8220;no&#8220; type=&#8220;grid&#8220; angled_section=&#8220;no&#8220; text_align=&#8220;left&#8220; background_image_as_pattern=&#8220;without_pattern&#8220; z_index=&#8220;&#8220;][vc_column][vc_column_text] DAS LEBEN IN DEN TRULLI [\/vc_column_text][vc_empty_space...\" \/>\n<meta property=\"og:url\" content=\"https:\/\/www.trullidimaya.com\/de\/landleben\/\" \/>\n<meta property=\"og:site_name\" content=\"Trulli di Maya\" \/>\n<meta property=\"article:modified_time\" content=\"2026-03-13T14:43:35+00:00\" \/>\n<meta property=\"og:image\" content=\"https:\/\/www.trullidimaya.com\/wp-content\/uploads\/2020\/03\/punto.jpg\" \/>\n\t<meta property=\"og:image:width\" content=\"58\" \/>\n\t<meta property=\"og:image:height\" content=\"56\" \/>\n\t<meta property=\"og:image:type\" content=\"image\/jpeg\" \/>\n<meta name=\"twitter:card\" content=\"summary_large_image\" \/>\n<meta name=\"twitter:label1\" content=\"Gesch\u00e4tzte Lesezeit\" \/>\n\t<meta name=\"twitter:data1\" content=\"6\u00a0Minuten\" \/>\n<script type=\"application\/ld+json\" class=\"yoast-schema-graph\">{\"@context\":\"https:\/\/schema.org\",\"@graph\":[{\"@type\":\"WebPage\",\"@id\":\"https:\/\/www.trullidimaya.com\/de\/landleben\/\",\"url\":\"https:\/\/www.trullidimaya.com\/de\/landleben\/\",\"name\":\"LANDLEBEN - Trulli di Maya\",\"isPartOf\":{\"@id\":\"https:\/\/www.trullidimaya.com\/de\/#website\"},\"primaryImageOfPage\":{\"@id\":\"https:\/\/www.trullidimaya.com\/de\/landleben\/#primaryimage\"},\"image\":{\"@id\":\"https:\/\/www.trullidimaya.com\/de\/landleben\/#primaryimage\"},\"thumbnailUrl\":\"https:\/\/www.trullidimaya.com\/wp-content\/uploads\/2020\/03\/punto.jpg\",\"datePublished\":\"2026-03-13T14:43:34+00:00\",\"dateModified\":\"2026-03-13T14:43:35+00:00\",\"breadcrumb\":{\"@id\":\"https:\/\/www.trullidimaya.com\/de\/landleben\/#breadcrumb\"},\"inLanguage\":\"de\",\"potentialAction\":[{\"@type\":\"ReadAction\",\"target\":[\"https:\/\/www.trullidimaya.com\/de\/landleben\/\"]}]},{\"@type\":\"ImageObject\",\"inLanguage\":\"de\",\"@id\":\"https:\/\/www.trullidimaya.com\/de\/landleben\/#primaryimage\",\"url\":\"https:\/\/www.trullidimaya.com\/wp-content\/uploads\/2020\/03\/punto.jpg\",\"contentUrl\":\"https:\/\/www.trullidimaya.com\/wp-content\/uploads\/2020\/03\/punto.jpg\"},{\"@type\":\"BreadcrumbList\",\"@id\":\"https:\/\/www.trullidimaya.com\/de\/landleben\/#breadcrumb\",\"itemListElement\":[{\"@type\":\"ListItem\",\"position\":1,\"name\":\"Home\",\"item\":\"https:\/\/www.trullidimaya.com\/de\/\"},{\"@type\":\"ListItem\",\"position\":2,\"name\":\"LANDLEBEN\"}]},{\"@type\":\"WebSite\",\"@id\":\"https:\/\/www.trullidimaya.com\/de\/#website\",\"url\":\"https:\/\/www.trullidimaya.com\/de\/\",\"name\":\"Trulli di Maya\",\"description\":\"Il giardino dell\u2019anima\",\"potentialAction\":[{\"@type\":\"SearchAction\",\"target\":{\"@type\":\"EntryPoint\",\"urlTemplate\":\"https:\/\/www.trullidimaya.com\/de\/?s={search_term_string}\"},\"query-input\":{\"@type\":\"PropertyValueSpecification\",\"valueRequired\":true,\"valueName\":\"search_term_string\"}}],\"inLanguage\":\"de\"}]}<\/script>\n<!-- \/ Yoast SEO plugin. -->","yoast_head_json":{"title":"LANDLEBEN - Trulli di Maya","robots":{"index":"index","follow":"follow","max-snippet":"max-snippet:-1","max-image-preview":"max-image-preview:large","max-video-preview":"max-video-preview:-1"},"canonical":"https:\/\/www.trullidimaya.com\/de\/landleben\/","og_locale":"de_DE","og_type":"article","og_title":"LANDLEBEN - Trulli di Maya","og_description":"[vc_row css_animation=&#8220;&#8220; row_type=&#8220;row&#8220; use_row_as_full_screen_section=&#8220;no&#8220; type=&#8220;grid&#8220; angled_section=&#8220;no&#8220; text_align=&#8220;center&#8220; background_image_as_pattern=&#8220;without_pattern&#8220; z_index=&#8220;&#8220;][vc_column][vc_empty_space height=&#8220;40px&#8220;][\/vc_column][\/vc_row][vc_row css_animation=&#8220;&#8220; row_type=&#8220;row&#8220; use_row_as_full_screen_section=&#8220;no&#8220; type=&#8220;grid&#8220; angled_section=&#8220;no&#8220; text_align=&#8220;left&#8220; background_image_as_pattern=&#8220;without_pattern&#8220; z_index=&#8220;&#8220;][vc_column][vc_single_image image=&#8220;7064&#8243; img_size=&#8220;full&#8220; alignment=&#8220;center&#8220; qode_css_animation=&#8220;&#8220;][\/vc_column][\/vc_row][vc_row css_animation=&#8220;&#8220; row_type=&#8220;row&#8220; use_row_as_full_screen_section=&#8220;no&#8220; type=&#8220;grid&#8220; angled_section=&#8220;no&#8220; text_align=&#8220;center&#8220; background_image_as_pattern=&#8220;without_pattern&#8220; z_index=&#8220;&#8220;][vc_column][vc_empty_space height=&#8220;80px&#8220;][\/vc_column][\/vc_row][vc_row css_animation=&#8220;&#8220; row_type=&#8220;row&#8220; use_row_as_full_screen_section=&#8220;no&#8220; type=&#8220;grid&#8220; angled_section=&#8220;no&#8220; text_align=&#8220;left&#8220; background_image_as_pattern=&#8220;without_pattern&#8220; z_index=&#8220;&#8220;][vc_column][vc_column_text] DAS LEBEN IN DEN TRULLI [\/vc_column_text][vc_empty_space...","og_url":"https:\/\/www.trullidimaya.com\/de\/landleben\/","og_site_name":"Trulli di Maya","article_modified_time":"2026-03-13T14:43:35+00:00","og_image":[{"width":58,"height":56,"url":"https:\/\/www.trullidimaya.com\/wp-content\/uploads\/2020\/03\/punto.jpg","type":"image\/jpeg"}],"twitter_card":"summary_large_image","twitter_misc":{"Gesch\u00e4tzte Lesezeit":"6\u00a0Minuten"},"schema":{"@context":"https:\/\/schema.org","@graph":[{"@type":"WebPage","@id":"https:\/\/www.trullidimaya.com\/de\/landleben\/","url":"https:\/\/www.trullidimaya.com\/de\/landleben\/","name":"LANDLEBEN - Trulli di Maya","isPartOf":{"@id":"https:\/\/www.trullidimaya.com\/de\/#website"},"primaryImageOfPage":{"@id":"https:\/\/www.trullidimaya.com\/de\/landleben\/#primaryimage"},"image":{"@id":"https:\/\/www.trullidimaya.com\/de\/landleben\/#primaryimage"},"thumbnailUrl":"https:\/\/www.trullidimaya.com\/wp-content\/uploads\/2020\/03\/punto.jpg","datePublished":"2026-03-13T14:43:34+00:00","dateModified":"2026-03-13T14:43:35+00:00","breadcrumb":{"@id":"https:\/\/www.trullidimaya.com\/de\/landleben\/#breadcrumb"},"inLanguage":"de","potentialAction":[{"@type":"ReadAction","target":["https:\/\/www.trullidimaya.com\/de\/landleben\/"]}]},{"@type":"ImageObject","inLanguage":"de","@id":"https:\/\/www.trullidimaya.com\/de\/landleben\/#primaryimage","url":"https:\/\/www.trullidimaya.com\/wp-content\/uploads\/2020\/03\/punto.jpg","contentUrl":"https:\/\/www.trullidimaya.com\/wp-content\/uploads\/2020\/03\/punto.jpg"},{"@type":"BreadcrumbList","@id":"https:\/\/www.trullidimaya.com\/de\/landleben\/#breadcrumb","itemListElement":[{"@type":"ListItem","position":1,"name":"Home","item":"https:\/\/www.trullidimaya.com\/de\/"},{"@type":"ListItem","position":2,"name":"LANDLEBEN"}]},{"@type":"WebSite","@id":"https:\/\/www.trullidimaya.com\/de\/#website","url":"https:\/\/www.trullidimaya.com\/de\/","name":"Trulli di Maya","description":"Il giardino dell\u2019anima","potentialAction":[{"@type":"SearchAction","target":{"@type":"EntryPoint","urlTemplate":"https:\/\/www.trullidimaya.com\/de\/?s={search_term_string}"},"query-input":{"@type":"PropertyValueSpecification","valueRequired":true,"valueName":"search_term_string"}}],"inLanguage":"de"}]}},"_links":{"self":[{"href":"https:\/\/www.trullidimaya.com\/de\/wp-json\/wp\/v2\/pages\/7057","targetHints":{"allow":["GET"]}}],"collection":[{"href":"https:\/\/www.trullidimaya.com\/de\/wp-json\/wp\/v2\/pages"}],"about":[{"href":"https:\/\/www.trullidimaya.com\/de\/wp-json\/wp\/v2\/types\/page"}],"author":[{"embeddable":true,"href":"https:\/\/www.trullidimaya.com\/de\/wp-json\/wp\/v2\/users\/1"}],"replies":[{"embeddable":true,"href":"https:\/\/www.trullidimaya.com\/de\/wp-json\/wp\/v2\/comments?post=7057"}],"version-history":[{"count":3,"href":"https:\/\/www.trullidimaya.com\/de\/wp-json\/wp\/v2\/pages\/7057\/revisions"}],"predecessor-version":[{"id":7068,"href":"https:\/\/www.trullidimaya.com\/de\/wp-json\/wp\/v2\/pages\/7057\/revisions\/7068"}],"wp:attachment":[{"href":"https:\/\/www.trullidimaya.com\/de\/wp-json\/wp\/v2\/media?parent=7057"}],"curies":[{"name":"wp","href":"https:\/\/api.w.org\/{rel}","templated":true}]}}