{"id":7137,"date":"2026-03-13T15:44:13","date_gmt":"2026-03-13T14:44:13","guid":{"rendered":"https:\/\/www.trullidimaya.com\/produkte\/"},"modified":"2026-03-13T15:44:22","modified_gmt":"2026-03-13T14:44:22","slug":"produkte","status":"publish","type":"page","link":"https:\/\/www.trullidimaya.com\/de\/produkte\/","title":{"rendered":"PRODUKTE"},"content":{"rendered":"<div class=\"wpb-content-wrapper\"><p>[vc_row css_animation=&#8220;&#8220; row_type=&#8220;row&#8220; use_row_as_full_screen_section=&#8220;no&#8220; type=&#8220;grid&#8220; angled_section=&#8220;no&#8220; text_align=&#8220;center&#8220; background_image_as_pattern=&#8220;without_pattern&#8220; z_index=&#8220;&#8220;][vc_column][vc_empty_space height=&#8220;120px&#8220;][\/vc_column][\/vc_row][vc_row css_animation=&#8220;&#8220; row_type=&#8220;row&#8220; use_row_as_full_screen_section=&#8220;no&#8220; type=&#8220;grid&#8220; angled_section=&#8220;no&#8220; text_align=&#8220;left&#8220; background_image_as_pattern=&#8220;without_pattern&#8220; z_index=&#8220;&#8220;][vc_column width=&#8220;1\/3&#8243;][vc_column_text]<\/p>\n<h3 style=\"text-align: center;\">BIO-NATIVES OLIVEN\u00d6L EXTRA<\/h3>\n<p>[\/vc_column_text][vc_empty_space height=&#8220;12px&#8220;][vc_single_image image=&#8220;7140&#8243; img_size=&#8220;full&#8220; alignment=&#8220;center&#8220; onclick=&#8220;custom_link&#8220; qode_css_animation=&#8220;&#8220; qode_hover_animation=&#8220;zoom_in&#8220; link=&#8220;https:\/\/www.trullidimaya.com\/de\/shop\/&#8220;][vc_empty_space height=&#8220;20px&#8220;][vc_column_text]<\/p>\n<h3 style=\"text-align: center;\">UNSER NATIVES OLIVEN\u00d6L EXTRA IN BIO-QUALIT\u00c4T WIRD VON HAND GEERNTET UND MIT LIEBE KALT GEPRESST \u2013 AUS KRAFTVOLLEN OLIVENB\u00c4UMEN<\/h3>\n<p>[\/vc_column_text][vc_empty_space height=&#8220;8px&#8220;][\/vc_column][vc_column width=&#8220;1\/3&#8243;][vc_column_text]<\/p>\n<h3 style=\"text-align: center;\">BIO<\/h3>\n<h3 style=\"text-align: center;\">MEHL AUS URGETREIDE<\/h3>\n<p>[\/vc_column_text][vc_empty_space height=&#8220;12px&#8220;][vc_single_image image=&#8220;7141&#8243; img_size=&#8220;full&#8220; alignment=&#8220;center&#8220; onclick=&#8220;custom_link&#8220; qode_css_animation=&#8220;&#8220; qode_hover_animation=&#8220;zoom_in&#8220; link=&#8220;https:\/\/www.trullidimaya.com\/de\/shop\/&#8220;][vc_empty_space height=&#8220;20px&#8220;][vc_column_text]<\/p>\n<h3 style=\"text-align: center;\">UNSER STEINGEMAHLENES MEHL AUS DEM WERTVOLLEN URALTEN HARTWEIZEN \u201eSENATORE CAPPELLI\u201c \u2013 DIREKT VON UNSEREM LAND ZU IHNEN NACH HAUSE<\/h3>\n<p>[\/vc_column_text][vc_empty_space height=&#8220;8px&#8220;][vc_empty_space height=&#8220;80px&#8220;][\/vc_column][vc_column width=&#8220;1\/3&#8243;][vc_column_text]<\/p>\n<h3 style=\"text-align: center;\">NATURKOSMETIK<\/h3>\n<p>[\/vc_column_text][vc_empty_space height=&#8220;12px&#8220;][vc_single_image image=&#8220;7142&#8243; img_size=&#8220;full&#8220; alignment=&#8220;center&#8220; onclick=&#8220;custom_link&#8220; qode_css_animation=&#8220;&#8220; qode_hover_animation=&#8220;zoom_in&#8220; link=&#8220;https:\/\/www.trullidimaya.com\/de\/shop\/&#8220;][vc_empty_space height=&#8220;20px&#8220;][vc_column_text]<\/p>\n<h3 style=\"text-align: center;\">UNSERE NAT\u00dcRLICHEN HAUTPFLEGEPRODUKTE AUS HEILKR\u00c4UTERN UND BL\u00dcTEN AUS DER MEDITERRANEN MACCHIA<\/h3>\n<p>[\/vc_column_text][vc_empty_space height=&#8220;8px&#8220;][\/vc_column][\/vc_row][vc_row css_animation=&#8220;&#8220; row_type=&#8220;row&#8220; use_row_as_full_screen_section=&#8220;no&#8220; type=&#8220;full_width&#8220; angled_section=&#8220;no&#8220; text_align=&#8220;left&#8220; background_image_as_pattern=&#8220;without_pattern&#8220;][vc_column][vc_column_text]<br \/>\n[\/vc_column_text][\/vc_column][\/vc_row][vc_row css_animation=&#8220;&#8220; row_type=&#8220;row&#8220; use_row_as_full_screen_section=&#8220;no&#8220; type=&#8220;full_width&#8220; angled_section=&#8220;no&#8220; text_align=&#8220;left&#8220; background_image_as_pattern=&#8220;without_pattern&#8220;][vc_column][vc_empty_space height=&#8220;40px&#8220;][\/vc_column][\/vc_row][vc_row css_animation=&#8220;&#8220; row_type=&#8220;row&#8220; use_row_as_full_screen_section=&#8220;no&#8220; type=&#8220;full_width&#8220; angled_section=&#8220;no&#8220; text_align=&#8220;left&#8220; background_image_as_pattern=&#8220;without_pattern&#8220; z_index=&#8220;&#8220; padding_top=&#8220;100&#8243; padding_bottom=&#8220;100&#8243;][vc_column][vc_column_text]<\/p>\n<h5 style=\"text-align: center;\"><img decoding=\"async\" class=\"alignnone wp-image-1128\" style=\"vertical-align: middle;\" src=\"https:\/\/www.trullidimaya.com\/wp-content\/uploads\/2020\/03\/punto.jpg\" alt=\"\" width=\"19\" height=\"19\">       <a href=\"https:\/\/www.facebook.com\/mayadutuni\" target=\"_blank\" rel=\"noopener noreferrer\">FACEBOOK<\/a>       <a href=\"https:\/\/www.instagram.com\/trullidimaya\/\" target=\"_blank\" rel=\"noopener noreferrer\">INSTAGRAM<\/a>      <a href=\"https:\/\/www.trullidimaya.com\/it\/term-and-conditions\/\">AGB <\/a> DATENSCHUTZBESTIMMUNGEN FAQ<\/h5>\n<p>[\/vc_column_text][\/vc_column][\/vc_row][vc_row css_animation=&#8220;&#8220; row_type=&#8220;row&#8220; use_row_as_full_screen_section=&#8220;no&#8220; type=&#8220;full_width&#8220; angled_section=&#8220;no&#8220; text_align=&#8220;left&#8220; background_image_as_pattern=&#8220;without_pattern&#8220;][vc_column][vc_empty_space height=&#8220;40px&#8220;][\/vc_column][\/vc_row]<\/p>\n<\/div>","protected":false},"excerpt":{"rendered":"<p>[vc_row css_animation=&#8220;&#8220; row_type=&#8220;row&#8220; use_row_as_full_screen_section=&#8220;no&#8220; type=&#8220;grid&#8220; angled_section=&#8220;no&#8220; text_align=&#8220;center&#8220; background_image_as_pattern=&#8220;without_pattern&#8220; z_index=&#8220;&#8220;][vc_column][vc_empty_space height=&#8220;120px&#8220;][\/vc_column][\/vc_row][vc_row css_animation=&#8220;&#8220; row_type=&#8220;row&#8220; use_row_as_full_screen_section=&#8220;no&#8220; type=&#8220;grid&#8220; angled_section=&#8220;no&#8220; text_align=&#8220;left&#8220; background_image_as_pattern=&#8220;without_pattern&#8220; z_index=&#8220;&#8220;][vc_column width=&#8220;1\/3&#8243;][vc_column_text] BIO-NATIVES OLIVEN\u00d6L EXTRA [\/vc_column_text][vc_empty_space height=&#8220;12px&#8220;][vc_single_image image=&#8220;7140&#8243; img_size=&#8220;full&#8220; alignment=&#8220;center&#8220; onclick=&#8220;custom_link&#8220; qode_css_animation=&#8220;&#8220; qode_hover_animation=&#8220;zoom_in&#8220; link=&#8220;https:\/\/www.trullidimaya.com\/de\/shop\/&#8220;][vc_empty_space height=&#8220;20px&#8220;][vc_column_text] UNSER NATIVES OLIVEN\u00d6L EXTRA IN BIO-QUALIT\u00c4T WIRD VON HAND GEERNTET UND MIT LIEBE&#8230;<\/p>\n","protected":false},"author":1,"featured_media":0,"parent":0,"menu_order":0,"comment_status":"closed","ping_status":"closed","template":"","meta":{"footnotes":""},"class_list":["post-7137","page","type-page","status-publish","hentry"],"yoast_head":"<!-- This site is optimized with the Yoast SEO plugin v27.1.1 - https:\/\/yoast.com\/product\/yoast-seo-wordpress\/ -->\n<title>PRODUKTE - Trulli di Maya<\/title>\n<meta name=\"robots\" content=\"index, follow, max-snippet:-1, max-image-preview:large, max-video-preview:-1\" \/>\n<link rel=\"canonical\" href=\"https:\/\/www.trullidimaya.com\/de\/produkte\/\" \/>\n<meta property=\"og:locale\" content=\"de_DE\" \/>\n<meta property=\"og:type\" content=\"article\" \/>\n<meta property=\"og:title\" content=\"PRODUKTE - Trulli di Maya\" \/>\n<meta property=\"og:description\" content=\"[vc_row css_animation=&#8220;&#8220; row_type=&#8220;row&#8220; use_row_as_full_screen_section=&#8220;no&#8220; type=&#8220;grid&#8220; angled_section=&#8220;no&#8220; text_align=&#8220;center&#8220; background_image_as_pattern=&#8220;without_pattern&#8220; z_index=&#8220;&#8220;][vc_column][vc_empty_space height=&#8220;120px&#8220;][\/vc_column][\/vc_row][vc_row css_animation=&#8220;&#8220; row_type=&#8220;row&#8220; use_row_as_full_screen_section=&#8220;no&#8220; type=&#8220;grid&#8220; angled_section=&#8220;no&#8220; text_align=&#8220;left&#8220; background_image_as_pattern=&#8220;without_pattern&#8220; z_index=&#8220;&#8220;][vc_column width=&#8220;1\/3&#8243;][vc_column_text] BIO-NATIVES OLIVEN\u00d6L EXTRA [\/vc_column_text][vc_empty_space height=&#8220;12px&#8220;][vc_single_image image=&#8220;7140&#8243; img_size=&#8220;full&#8220; alignment=&#8220;center&#8220; onclick=&#8220;custom_link&#8220; qode_css_animation=&#8220;&#8220; qode_hover_animation=&#8220;zoom_in&#8220; link=&#8220;https:\/\/www.trullidimaya.com\/de\/shop\/&#8220;][vc_empty_space height=&#8220;20px&#8220;][vc_column_text] UNSER NATIVES OLIVEN\u00d6L EXTRA IN BIO-QUALIT\u00c4T WIRD VON HAND GEERNTET UND MIT LIEBE...\" \/>\n<meta property=\"og:url\" content=\"https:\/\/www.trullidimaya.com\/de\/produkte\/\" \/>\n<meta property=\"og:site_name\" content=\"Trulli di Maya\" \/>\n<meta property=\"article:modified_time\" content=\"2026-03-13T14:44:22+00:00\" \/>\n<meta property=\"og:image\" content=\"https:\/\/www.trullidimaya.com\/wp-content\/uploads\/2020\/03\/punto.jpg\" \/>\n\t<meta property=\"og:image:width\" content=\"58\" \/>\n\t<meta property=\"og:image:height\" content=\"56\" \/>\n\t<meta property=\"og:image:type\" content=\"image\/jpeg\" \/>\n<meta name=\"twitter:card\" content=\"summary_large_image\" \/>\n<meta name=\"twitter:label1\" content=\"Gesch\u00e4tzte Lesezeit\" \/>\n\t<meta name=\"twitter:data1\" content=\"2\u00a0Minuten\" \/>\n<script type=\"application\/ld+json\" class=\"yoast-schema-graph\">{\"@context\":\"https:\/\/schema.org\",\"@graph\":[{\"@type\":\"WebPage\",\"@id\":\"https:\/\/www.trullidimaya.com\/de\/produkte\/\",\"url\":\"https:\/\/www.trullidimaya.com\/de\/produkte\/\",\"name\":\"PRODUKTE - Trulli di Maya\",\"isPartOf\":{\"@id\":\"https:\/\/www.trullidimaya.com\/de\/#website\"},\"primaryImageOfPage\":{\"@id\":\"https:\/\/www.trullidimaya.com\/de\/produkte\/#primaryimage\"},\"image\":{\"@id\":\"https:\/\/www.trullidimaya.com\/de\/produkte\/#primaryimage\"},\"thumbnailUrl\":\"https:\/\/www.trullidimaya.com\/wp-content\/uploads\/2020\/03\/punto.jpg\",\"datePublished\":\"2026-03-13T14:44:13+00:00\",\"dateModified\":\"2026-03-13T14:44:22+00:00\",\"breadcrumb\":{\"@id\":\"https:\/\/www.trullidimaya.com\/de\/produkte\/#breadcrumb\"},\"inLanguage\":\"de\",\"potentialAction\":[{\"@type\":\"ReadAction\",\"target\":[\"https:\/\/www.trullidimaya.com\/de\/produkte\/\"]}]},{\"@type\":\"ImageObject\",\"inLanguage\":\"de\",\"@id\":\"https:\/\/www.trullidimaya.com\/de\/produkte\/#primaryimage\",\"url\":\"https:\/\/www.trullidimaya.com\/wp-content\/uploads\/2020\/03\/punto.jpg\",\"contentUrl\":\"https:\/\/www.trullidimaya.com\/wp-content\/uploads\/2020\/03\/punto.jpg\"},{\"@type\":\"BreadcrumbList\",\"@id\":\"https:\/\/www.trullidimaya.com\/de\/produkte\/#breadcrumb\",\"itemListElement\":[{\"@type\":\"ListItem\",\"position\":1,\"name\":\"Home\",\"item\":\"https:\/\/www.trullidimaya.com\/de\/\"},{\"@type\":\"ListItem\",\"position\":2,\"name\":\"PRODUKTE\"}]},{\"@type\":\"WebSite\",\"@id\":\"https:\/\/www.trullidimaya.com\/de\/#website\",\"url\":\"https:\/\/www.trullidimaya.com\/de\/\",\"name\":\"Trulli di Maya\",\"description\":\"Il giardino dell\u2019anima\",\"potentialAction\":[{\"@type\":\"SearchAction\",\"target\":{\"@type\":\"EntryPoint\",\"urlTemplate\":\"https:\/\/www.trullidimaya.com\/de\/?s={search_term_string}\"},\"query-input\":{\"@type\":\"PropertyValueSpecification\",\"valueRequired\":true,\"valueName\":\"search_term_string\"}}],\"inLanguage\":\"de\"}]}<\/script>\n<!-- \/ Yoast SEO plugin. -->","yoast_head_json":{"title":"PRODUKTE - Trulli di Maya","robots":{"index":"index","follow":"follow","max-snippet":"max-snippet:-1","max-image-preview":"max-image-preview:large","max-video-preview":"max-video-preview:-1"},"canonical":"https:\/\/www.trullidimaya.com\/de\/produkte\/","og_locale":"de_DE","og_type":"article","og_title":"PRODUKTE - Trulli di Maya","og_description":"[vc_row css_animation=&#8220;&#8220; row_type=&#8220;row&#8220; use_row_as_full_screen_section=&#8220;no&#8220; type=&#8220;grid&#8220; angled_section=&#8220;no&#8220; text_align=&#8220;center&#8220; background_image_as_pattern=&#8220;without_pattern&#8220; z_index=&#8220;&#8220;][vc_column][vc_empty_space height=&#8220;120px&#8220;][\/vc_column][\/vc_row][vc_row css_animation=&#8220;&#8220; row_type=&#8220;row&#8220; use_row_as_full_screen_section=&#8220;no&#8220; type=&#8220;grid&#8220; angled_section=&#8220;no&#8220; text_align=&#8220;left&#8220; background_image_as_pattern=&#8220;without_pattern&#8220; z_index=&#8220;&#8220;][vc_column width=&#8220;1\/3&#8243;][vc_column_text] BIO-NATIVES OLIVEN\u00d6L EXTRA [\/vc_column_text][vc_empty_space height=&#8220;12px&#8220;][vc_single_image image=&#8220;7140&#8243; img_size=&#8220;full&#8220; alignment=&#8220;center&#8220; onclick=&#8220;custom_link&#8220; qode_css_animation=&#8220;&#8220; qode_hover_animation=&#8220;zoom_in&#8220; link=&#8220;https:\/\/www.trullidimaya.com\/de\/shop\/&#8220;][vc_empty_space height=&#8220;20px&#8220;][vc_column_text] UNSER NATIVES OLIVEN\u00d6L EXTRA IN BIO-QUALIT\u00c4T WIRD VON HAND GEERNTET UND MIT LIEBE...","og_url":"https:\/\/www.trullidimaya.com\/de\/produkte\/","og_site_name":"Trulli di Maya","article_modified_time":"2026-03-13T14:44:22+00:00","og_image":[{"width":58,"height":56,"url":"https:\/\/www.trullidimaya.com\/wp-content\/uploads\/2020\/03\/punto.jpg","type":"image\/jpeg"}],"twitter_card":"summary_large_image","twitter_misc":{"Gesch\u00e4tzte Lesezeit":"2\u00a0Minuten"},"schema":{"@context":"https:\/\/schema.org","@graph":[{"@type":"WebPage","@id":"https:\/\/www.trullidimaya.com\/de\/produkte\/","url":"https:\/\/www.trullidimaya.com\/de\/produkte\/","name":"PRODUKTE - Trulli di Maya","isPartOf":{"@id":"https:\/\/www.trullidimaya.com\/de\/#website"},"primaryImageOfPage":{"@id":"https:\/\/www.trullidimaya.com\/de\/produkte\/#primaryimage"},"image":{"@id":"https:\/\/www.trullidimaya.com\/de\/produkte\/#primaryimage"},"thumbnailUrl":"https:\/\/www.trullidimaya.com\/wp-content\/uploads\/2020\/03\/punto.jpg","datePublished":"2026-03-13T14:44:13+00:00","dateModified":"2026-03-13T14:44:22+00:00","breadcrumb":{"@id":"https:\/\/www.trullidimaya.com\/de\/produkte\/#breadcrumb"},"inLanguage":"de","potentialAction":[{"@type":"ReadAction","target":["https:\/\/www.trullidimaya.com\/de\/produkte\/"]}]},{"@type":"ImageObject","inLanguage":"de","@id":"https:\/\/www.trullidimaya.com\/de\/produkte\/#primaryimage","url":"https:\/\/www.trullidimaya.com\/wp-content\/uploads\/2020\/03\/punto.jpg","contentUrl":"https:\/\/www.trullidimaya.com\/wp-content\/uploads\/2020\/03\/punto.jpg"},{"@type":"BreadcrumbList","@id":"https:\/\/www.trullidimaya.com\/de\/produkte\/#breadcrumb","itemListElement":[{"@type":"ListItem","position":1,"name":"Home","item":"https:\/\/www.trullidimaya.com\/de\/"},{"@type":"ListItem","position":2,"name":"PRODUKTE"}]},{"@type":"WebSite","@id":"https:\/\/www.trullidimaya.com\/de\/#website","url":"https:\/\/www.trullidimaya.com\/de\/","name":"Trulli di Maya","description":"Il giardino dell\u2019anima","potentialAction":[{"@type":"SearchAction","target":{"@type":"EntryPoint","urlTemplate":"https:\/\/www.trullidimaya.com\/de\/?s={search_term_string}"},"query-input":{"@type":"PropertyValueSpecification","valueRequired":true,"valueName":"search_term_string"}}],"inLanguage":"de"}]}},"_links":{"self":[{"href":"https:\/\/www.trullidimaya.com\/de\/wp-json\/wp\/v2\/pages\/7137","targetHints":{"allow":["GET"]}}],"collection":[{"href":"https:\/\/www.trullidimaya.com\/de\/wp-json\/wp\/v2\/pages"}],"about":[{"href":"https:\/\/www.trullidimaya.com\/de\/wp-json\/wp\/v2\/types\/page"}],"author":[{"embeddable":true,"href":"https:\/\/www.trullidimaya.com\/de\/wp-json\/wp\/v2\/users\/1"}],"replies":[{"embeddable":true,"href":"https:\/\/www.trullidimaya.com\/de\/wp-json\/wp\/v2\/comments?post=7137"}],"version-history":[{"count":2,"href":"https:\/\/www.trullidimaya.com\/de\/wp-json\/wp\/v2\/pages\/7137\/revisions"}],"predecessor-version":[{"id":7445,"href":"https:\/\/www.trullidimaya.com\/de\/wp-json\/wp\/v2\/pages\/7137\/revisions\/7445"}],"wp:attachment":[{"href":"https:\/\/www.trullidimaya.com\/de\/wp-json\/wp\/v2\/media?parent=7137"}],"curies":[{"name":"wp","href":"https:\/\/api.w.org\/{rel}","templated":true}]}}