{"id":533,"date":"2019-05-30T12:56:11","date_gmt":"2019-05-30T10:56:11","guid":{"rendered":"http:\/\/www.trullidimaya.com\/?page_id=533"},"modified":"2025-06-20T10:16:06","modified_gmt":"2025-06-20T08:16:06","slug":"la-visione","status":"publish","type":"page","link":"https:\/\/www.trullidimaya.com\/it\/la-visione\/","title":{"rendered":"In-canto GIARDINO DELL&#8217;ANIMA"},"content":{"rendered":"<div class=\"wpb-content-wrapper\"><p>[vc_row css_animation=&#8221;&#8221; row_type=&#8221;row&#8221; use_row_as_full_screen_section=&#8221;no&#8221; type=&#8221;grid&#8221; angled_section=&#8221;no&#8221; text_align=&#8221;left&#8221; background_image_as_pattern=&#8221;without_pattern&#8221; z_index=&#8221;&#8221; css=&#8221;.vc_custom_1558355693871{margin-right: px !important;margin-left: px !important;}&#8221;][vc_column][vc_empty_space height=&#8221;40px&#8221;][vc_single_image image=&#8221;4264&#8243; img_size=&#8221;full&#8221; alignment=&#8221;center&#8221; qode_css_animation=&#8221;&#8221;][vc_empty_space height=&#8221;40px&#8221;][vc_column_text]<\/p>\n<h2><\/h2>\n<h4>VITA LENTA<\/h4>\n<h4><\/h4>\n<p>[\/vc_column_text][vc_empty_space height=&#8221;20px&#8221;][vc_column_text]Se sei capace di connetterti a un luogo, viaggiare pu\u00f2 essere straordinario e trasformativo. Con questa visione, i nostri trulli sono stati disegnati per fondersi con l\u2019ambiente circostante. Un invito a creare non solo connessioni culturali con il luogo, ma anche emozionali e spirituali. I luoghi in cui viaggiamo arricchiscono le nostre vite e possono avere un impatto positivo sul nostro modo di relazionarci con il mondo e con le persone. Il nostro desiderio \u00e8 che gli ospiti possano vivere e ricordare i Trulli di Maya con affetto per un luogo che li ha nutriti.[\/vc_column_text][vc_empty_space height=&#8221;40px&#8221;][vc_single_image image=&#8221;4255&#8243; img_size=&#8221;full&#8221; alignment=&#8221;center&#8221; qode_css_animation=&#8221;&#8221;][vc_empty_space height=&#8221;80px&#8221;][\/vc_column][\/vc_row][vc_row css_animation=&#8221;&#8221; row_type=&#8221;row&#8221; use_row_as_full_screen_section=&#8221;no&#8221; type=&#8221;grid&#8221; angled_section=&#8221;no&#8221; text_align=&#8221;left&#8221; background_image_as_pattern=&#8221;without_pattern&#8221; z_index=&#8221;&#8221; css=&#8221;.vc_custom_1558355693871{margin-right: px !important;margin-left: px !important;}&#8221;][vc_column][vc_column_text]<\/p>\n<h2><\/h2>\n<h4>CASA<\/h4>\n<h4><\/h4>\n<p>[\/vc_column_text][vc_empty_space height=&#8221;20px&#8221;][vc_column_text]Abbiamo da sempre sentito il bisogno di offrire ai viaggiatori una casa lontana da casa, piuttosto che un semplice tetto sopra le loro teste. Quando si viaggia, essere accolti in uno spazio con calore d\u00e0 la possibilit\u00e0 agli ospiti di sentirsi subito a proprio agio. La sensazione di casa si trova nelle cose pi\u00f9 semplici; il calore dei materiali, il profumo delle erbe nel giardino, il ricordo del piacere, la vista sulla campagna e la quiete di una stanza. Questa tradizione di aprire le porte di casa ai viaggiatori arriva dai nostri antenati. E ad oggi la nostra visione rimane connessa con queste radici di calorosa accoglienza.<br \/>\n[\/vc_column_text][vc_empty_space height=&#8221;40px&#8221;][vc_single_image image=&#8221;3777&#8243; img_size=&#8221;full&#8221; alignment=&#8221;center&#8221; qode_css_animation=&#8221;&#8221;][\/vc_column][\/vc_row][vc_row css_animation=&#8221;&#8221; row_type=&#8221;row&#8221; use_row_as_full_screen_section=&#8221;no&#8221; type=&#8221;grid&#8221; angled_section=&#8221;no&#8221; text_align=&#8221;left&#8221; background_image_as_pattern=&#8221;without_pattern&#8221; z_index=&#8221;&#8221; css=&#8221;.vc_custom_1558355693871{margin-right: px !important;margin-left: px !important;}&#8221;][vc_column][vc_empty_space height=&#8221;40px&#8221;][vc_column_text]<\/p>\n<h2><\/h2>\n<h4>TRADIZIONE<\/h4>\n<h4><\/h4>\n<p>[\/vc_column_text][vc_empty_space height=&#8221;20px&#8221;][vc_column_text]La cultura italiana si riflette molto nella sua architettura. Per onorare la tradizione e la storia della Puglia e le nostre radici Siciliane, Olandesi, Greche e Indonesiane, le abbiamo inserite negli elementi strutturali e di design. Ogni trullo racconta una storia della nostra cultura e del paesaggio naturale in cui si trova. Rinnovando lo stile, i dettagli e lo stile di vita abbiamo la possibilit\u00e0 di connetterci con il passato, il presente e il futuro. [\/vc_column_text][vc_empty_space height=&#8221;20px&#8221;][vc_single_image image=&#8221;3794&#8243; img_size=&#8221;full&#8221; alignment=&#8221;center&#8221; qode_css_animation=&#8221;&#8221;][\/vc_column][\/vc_row][vc_row css_animation=&#8221;&#8221; row_type=&#8221;row&#8221; use_row_as_full_screen_section=&#8221;no&#8221; type=&#8221;grid&#8221; angled_section=&#8221;no&#8221; text_align=&#8221;left&#8221; background_image_as_pattern=&#8221;without_pattern&#8221; z_index=&#8221;&#8221; css=&#8221;.vc_custom_1558355693871{margin-right: px !important;margin-left: px !important;}&#8221;][vc_column][vc_empty_space height=&#8221;40px&#8221;][vc_column_text]<\/p>\n<h2><\/h2>\n<h4>SEMPLICIT\u00c0<\/h4>\n<h4><\/h4>\n<p>[\/vc_column_text][vc_empty_space height=&#8221;20px&#8221;][vc_column_text]<\/p>\n<div class=\"vc_row wpb_row section vc_row-fluid vc_custom_1558355693871 grid_section\">\n<div class=\" section_inner clearfix\">\n<div class=\"section_inner_margin clearfix\">\n<div class=\"wpb_column vc_column_container vc_col-sm-12\">\n<div class=\"vc_column-inner\">\n<div class=\"wpb_wrapper\">\n<div class=\"wpb_text_column wpb_content_element \">\n<div class=\"wpb_wrapper\">\n<p>Avere meno significa vivere di pi\u00f9. Crediamo che riducendo il superficiale e il superfluo, gli ospiti possano sentirsi a casa pi\u00f9 facilmente. Come ci insegna la natura, la bellezza si trova nell\u2019essenziale. Vivere intimamente a contatto con la natura, ti apre all\u2019esperienza della fragilit\u00e0 della vita, della la bellezza autentica, della felicit\u00e0 e della semplicit\u00e0. Qui ogni dettaglio \u00e8 stato pensato con cura e ogni oggetto porta con s\u00e9 una storia da 20 anni a questa parte.<\/p>\n<\/div>\n<\/div>\n<\/div>\n<\/div>\n<\/div>\n<\/div>\n<\/div>\n<\/div>\n<p>[\/vc_column_text][vc_empty_space height=&#8221;20px&#8221;][vc_single_image image=&#8221;3784&#8243; img_size=&#8221;full&#8221; alignment=&#8221;center&#8221; qode_css_animation=&#8221;&#8221;][\/vc_column][\/vc_row][vc_row css_animation=&#8221;&#8221; row_type=&#8221;row&#8221; use_row_as_full_screen_section=&#8221;no&#8221; type=&#8221;grid&#8221; angled_section=&#8221;no&#8221; text_align=&#8221;left&#8221; background_image_as_pattern=&#8221;without_pattern&#8221; z_index=&#8221;&#8221; css=&#8221;.vc_custom_1558355693871{margin-right: px !important;margin-left: px !important;}&#8221;][vc_column][vc_empty_space height=&#8221;40px&#8221;][vc_column_text]<\/p>\n<h2><\/h2>\n<h4>natura<\/h4>\n<h4><\/h4>\n<p>[\/vc_column_text][vc_empty_space height=&#8221;20px&#8221;][vc_column_text]Il contatto con la fauna e la flora rappresenta una parte fondamentale dell\u2019esperienza nei trulli, poich\u00e9 permette agli ospiti di allontanarsi dai ritmi frenetici della vita quotidiana e godere della calma, della serenit\u00e0 e della pace che derivano dal connettersi con la Natura.[\/vc_column_text][vc_empty_space height=&#8221;20px&#8221;][vc_single_image image=&#8221;4085&#8243; img_size=&#8221;full&#8221; alignment=&#8221;center&#8221; qode_css_animation=&#8221;&#8221;][\/vc_column][\/vc_row][vc_row css_animation=&#8221;&#8221; row_type=&#8221;row&#8221; use_row_as_full_screen_section=&#8221;no&#8221; type=&#8221;grid&#8221; angled_section=&#8221;no&#8221; text_align=&#8221;left&#8221; background_image_as_pattern=&#8221;without_pattern&#8221; z_index=&#8221;&#8221; css=&#8221;.vc_custom_1558355693871{margin-right: px !important;margin-left: px !important;}&#8221;][vc_column][vc_empty_space height=&#8221;40px&#8221;][vc_column_text]<\/p>\n<h2><\/h2>\n<h4>Materiali<\/h4>\n<h4><\/h4>\n<p>[\/vc_column_text][vc_empty_space height=&#8221;20px&#8221;][vc_column_text]L\u2019identit\u00e0 di questo luogo si esprime attraverso un linguaggio architettonico che si basa su una selezione precisa di materiali e tecniche di applicazione. Per garantire il legame tra i trulli e l\u2019ambiente circostante, abbiamo scelto materiali della tradizione, capaci di connetterci alla storia del luogo.[\/vc_column_text][vc_empty_space height=&#8221;20px&#8221;][vc_single_image image=&#8221;3988&#8243; img_size=&#8221;full&#8221; alignment=&#8221;center&#8221; qode_css_animation=&#8221;&#8221;][\/vc_column][\/vc_row][vc_row css_animation=&#8221;&#8221; row_type=&#8221;row&#8221; use_row_as_full_screen_section=&#8221;no&#8221; type=&#8221;grid&#8221; angled_section=&#8221;no&#8221; text_align=&#8221;left&#8221; background_image_as_pattern=&#8221;without_pattern&#8221; z_index=&#8221;&#8221;][vc_column][vc_empty_space height=&#8221;40px&#8221;][vc_column_text]<\/p>\n<h2><\/h2>\n<h4>our land<\/h4>\n<h4><\/h4>\n<p>[\/vc_column_text][vc_empty_space height=&#8221;20px&#8221;][vc_single_image image=&#8221;1065&#8243; img_size=&#8221;full&#8221; alignment=&#8221;center&#8221; qode_css_animation=&#8221;&#8221;][\/vc_column][\/vc_row][vc_row css_animation=&#8221;&#8221; row_type=&#8221;row&#8221; use_row_as_full_screen_section=&#8221;no&#8221; type=&#8221;full_width&#8221; angled_section=&#8221;no&#8221; text_align=&#8221;left&#8221; background_image_as_pattern=&#8221;without_pattern&#8221;][vc_column][vc_empty_space height=&#8221;100px&#8221;][\/vc_column][\/vc_row][vc_row css_animation=&#8221;&#8221; row_type=&#8221;row&#8221; use_row_as_full_screen_section=&#8221;no&#8221; type=&#8221;full_width&#8221; angled_section=&#8221;no&#8221; text_align=&#8221;left&#8221; background_image_as_pattern=&#8221;without_pattern&#8221;][vc_column][vc_column_text]<\/p>\n<h5 style=\"text-align: center;\"><img decoding=\"async\" class=\"alignnone wp-image-1128\" style=\"vertical-align: middle;\" src=\"https:\/\/www.trullidimaya.com\/wp-content\/uploads\/2020\/03\/punto.jpg\" alt=\"\" width=\"19\" height=\"19\" \/> \u00a0\u00a0\u00a0\u00a0\u00a0 <a href=\"https:\/\/www.facebook.com\/mayadutuni\" target=\"_blank\" rel=\"noopener noreferrer\">FACEBOOK<\/a> \u00a0 \u00a0 \u00a0 <a href=\"https:\/\/www.instagram.com\/trullidimaya\/\" target=\"_blank\" rel=\"noopener noreferrer\">INSTAGRAM<\/a>\u00a0 \u00a0 \u00a0 <a href=\"https:\/\/www.trullidimaya.com\/it\/term-and-conditions\/\">TERM &amp; CONDITIONS \u00a0<\/a> \u00a0 \u00a0\u00a0 PRIVACY POLICIES \u00a0 \u00a0\u00a0 FAQ&#8217;S<\/h5>\n<p>[\/vc_column_text][vc_empty_space height=&#8221;100px&#8221;][\/vc_column][\/vc_row][vc_row css_animation=&#8221;&#8221; row_type=&#8221;row&#8221; use_row_as_full_screen_section=&#8221;no&#8221; type=&#8221;full_width&#8221; angled_section=&#8221;no&#8221; text_align=&#8221;left&#8221; background_image_as_pattern=&#8221;without_pattern&#8221;][vc_column][vc_column_text]<\/p>\n<p>[\/vc_column_text][\/vc_column][\/vc_row]<\/p>\n<\/div>","protected":false},"excerpt":{"rendered":"<p>[vc_row css_animation=&#8221;&#8221; row_type=&#8221;row&#8221; use_row_as_full_screen_section=&#8221;no&#8221; type=&#8221;grid&#8221; angled_section=&#8221;no&#8221; text_align=&#8221;left&#8221; background_image_as_pattern=&#8221;without_pattern&#8221; z_index=&#8221;&#8221; css=&#8221;.vc_custom_1558355693871{margin-right: px !important;margin-left: px !important;}&#8221;][vc_column][vc_empty_space height=&#8221;40px&#8221;][vc_single_image image=&#8221;4264&#8243; img_size=&#8221;full&#8221; alignment=&#8221;center&#8221; qode_css_animation=&#8221;&#8221;][vc_empty_space height=&#8221;40px&#8221;][vc_column_text] VITA LENTA [\/vc_column_text][vc_empty_space height=&#8221;20px&#8221;][vc_column_text]Se sei capace di connetterti a un luogo, viaggiare pu\u00f2 essere straordinario e trasformativo. Con questa visione, i nostri trulli sono stati&#8230;<\/p>\n","protected":false},"author":1,"featured_media":0,"parent":0,"menu_order":0,"comment_status":"closed","ping_status":"closed","template":"","meta":{"footnotes":""},"class_list":["post-533","page","type-page","status-publish","hentry"],"yoast_head":"<!-- This site is optimized with the Yoast SEO plugin v27.1.1 - https:\/\/yoast.com\/product\/yoast-seo-wordpress\/ -->\n<title>In-canto GIARDINO DELL&#039;ANIMA - Trulli di Maya<\/title>\n<meta name=\"robots\" content=\"index, follow, max-snippet:-1, max-image-preview:large, max-video-preview:-1\" \/>\n<link rel=\"canonical\" href=\"https:\/\/www.trullidimaya.com\/it\/la-visione\/\" \/>\n<meta property=\"og:locale\" content=\"it_IT\" \/>\n<meta property=\"og:type\" content=\"article\" \/>\n<meta property=\"og:title\" content=\"In-canto GIARDINO DELL&#039;ANIMA - Trulli di Maya\" \/>\n<meta property=\"og:description\" content=\"[vc_row css_animation=&#8221;&#8221; row_type=&#8221;row&#8221; use_row_as_full_screen_section=&#8221;no&#8221; type=&#8221;grid&#8221; angled_section=&#8221;no&#8221; text_align=&#8221;left&#8221; background_image_as_pattern=&#8221;without_pattern&#8221; z_index=&#8221;&#8221; css=&#8221;.vc_custom_1558355693871{margin-right: px !important;margin-left: px !important;}&#8221;][vc_column][vc_empty_space height=&#8221;40px&#8221;][vc_single_image image=&#8221;4264&#8243; img_size=&#8221;full&#8221; alignment=&#8221;center&#8221; qode_css_animation=&#8221;&#8221;][vc_empty_space height=&#8221;40px&#8221;][vc_column_text] VITA LENTA [\/vc_column_text][vc_empty_space height=&#8221;20px&#8221;][vc_column_text]Se sei capace di connetterti a un luogo, viaggiare pu\u00f2 essere straordinario e trasformativo. Con questa visione, i nostri trulli sono stati...\" \/>\n<meta property=\"og:url\" content=\"https:\/\/www.trullidimaya.com\/it\/la-visione\/\" \/>\n<meta property=\"og:site_name\" content=\"Trulli di Maya\" \/>\n<meta property=\"article:modified_time\" content=\"2025-06-20T08:16:06+00:00\" \/>\n<meta property=\"og:image\" content=\"https:\/\/www.trullidimaya.com\/wp-content\/uploads\/2020\/03\/punto.jpg\" \/>\n<meta name=\"twitter:card\" content=\"summary_large_image\" \/>\n<meta name=\"twitter:label1\" content=\"Tempo di lettura stimato\" \/>\n\t<meta name=\"twitter:data1\" content=\"3 minuti\" \/>\n<script type=\"application\/ld+json\" class=\"yoast-schema-graph\">{\"@context\":\"https:\/\/schema.org\",\"@graph\":[{\"@type\":\"WebPage\",\"@id\":\"https:\/\/www.trullidimaya.com\/it\/la-visione\/\",\"url\":\"https:\/\/www.trullidimaya.com\/it\/la-visione\/\",\"name\":\"In-canto GIARDINO DELL'ANIMA - Trulli di Maya\",\"isPartOf\":{\"@id\":\"https:\/\/www.trullidimaya.com\/it\/#website\"},\"primaryImageOfPage\":{\"@id\":\"https:\/\/www.trullidimaya.com\/it\/la-visione\/#primaryimage\"},\"image\":{\"@id\":\"https:\/\/www.trullidimaya.com\/it\/la-visione\/#primaryimage\"},\"thumbnailUrl\":\"https:\/\/www.trullidimaya.com\/wp-content\/uploads\/2020\/03\/punto.jpg\",\"datePublished\":\"2019-05-30T10:56:11+00:00\",\"dateModified\":\"2025-06-20T08:16:06+00:00\",\"breadcrumb\":{\"@id\":\"https:\/\/www.trullidimaya.com\/it\/la-visione\/#breadcrumb\"},\"inLanguage\":\"it-IT\",\"potentialAction\":[{\"@type\":\"ReadAction\",\"target\":[\"https:\/\/www.trullidimaya.com\/it\/la-visione\/\"]}]},{\"@type\":\"ImageObject\",\"inLanguage\":\"it-IT\",\"@id\":\"https:\/\/www.trullidimaya.com\/it\/la-visione\/#primaryimage\",\"url\":\"https:\/\/www.trullidimaya.com\/wp-content\/uploads\/2020\/03\/punto.jpg\",\"contentUrl\":\"https:\/\/www.trullidimaya.com\/wp-content\/uploads\/2020\/03\/punto.jpg\"},{\"@type\":\"BreadcrumbList\",\"@id\":\"https:\/\/www.trullidimaya.com\/it\/la-visione\/#breadcrumb\",\"itemListElement\":[{\"@type\":\"ListItem\",\"position\":1,\"name\":\"Home\",\"item\":\"https:\/\/www.trullidimaya.com\/it\/\"},{\"@type\":\"ListItem\",\"position\":2,\"name\":\"In-canto GIARDINO DELL&#8217;ANIMA\"}]},{\"@type\":\"WebSite\",\"@id\":\"https:\/\/www.trullidimaya.com\/it\/#website\",\"url\":\"https:\/\/www.trullidimaya.com\/it\/\",\"name\":\"Trulli di Maya\",\"description\":\"Il giardino dell\u2019anima\",\"potentialAction\":[{\"@type\":\"SearchAction\",\"target\":{\"@type\":\"EntryPoint\",\"urlTemplate\":\"https:\/\/www.trullidimaya.com\/it\/?s={search_term_string}\"},\"query-input\":{\"@type\":\"PropertyValueSpecification\",\"valueRequired\":true,\"valueName\":\"search_term_string\"}}],\"inLanguage\":\"it-IT\"}]}<\/script>\n<!-- \/ Yoast SEO plugin. -->","yoast_head_json":{"title":"In-canto GIARDINO DELL'ANIMA - Trulli di Maya","robots":{"index":"index","follow":"follow","max-snippet":"max-snippet:-1","max-image-preview":"max-image-preview:large","max-video-preview":"max-video-preview:-1"},"canonical":"https:\/\/www.trullidimaya.com\/it\/la-visione\/","og_locale":"it_IT","og_type":"article","og_title":"In-canto GIARDINO DELL'ANIMA - Trulli di Maya","og_description":"[vc_row css_animation=&#8221;&#8221; row_type=&#8221;row&#8221; use_row_as_full_screen_section=&#8221;no&#8221; type=&#8221;grid&#8221; angled_section=&#8221;no&#8221; text_align=&#8221;left&#8221; background_image_as_pattern=&#8221;without_pattern&#8221; z_index=&#8221;&#8221; css=&#8221;.vc_custom_1558355693871{margin-right: px !important;margin-left: px !important;}&#8221;][vc_column][vc_empty_space height=&#8221;40px&#8221;][vc_single_image image=&#8221;4264&#8243; img_size=&#8221;full&#8221; alignment=&#8221;center&#8221; qode_css_animation=&#8221;&#8221;][vc_empty_space height=&#8221;40px&#8221;][vc_column_text] VITA LENTA [\/vc_column_text][vc_empty_space height=&#8221;20px&#8221;][vc_column_text]Se sei capace di connetterti a un luogo, viaggiare pu\u00f2 essere straordinario e trasformativo. Con questa visione, i nostri trulli sono stati...","og_url":"https:\/\/www.trullidimaya.com\/it\/la-visione\/","og_site_name":"Trulli di Maya","article_modified_time":"2025-06-20T08:16:06+00:00","og_image":[{"url":"https:\/\/www.trullidimaya.com\/wp-content\/uploads\/2020\/03\/punto.jpg","type":"","width":"","height":""}],"twitter_card":"summary_large_image","twitter_misc":{"Tempo di lettura stimato":"3 minuti"},"schema":{"@context":"https:\/\/schema.org","@graph":[{"@type":"WebPage","@id":"https:\/\/www.trullidimaya.com\/it\/la-visione\/","url":"https:\/\/www.trullidimaya.com\/it\/la-visione\/","name":"In-canto GIARDINO DELL'ANIMA - Trulli di Maya","isPartOf":{"@id":"https:\/\/www.trullidimaya.com\/it\/#website"},"primaryImageOfPage":{"@id":"https:\/\/www.trullidimaya.com\/it\/la-visione\/#primaryimage"},"image":{"@id":"https:\/\/www.trullidimaya.com\/it\/la-visione\/#primaryimage"},"thumbnailUrl":"https:\/\/www.trullidimaya.com\/wp-content\/uploads\/2020\/03\/punto.jpg","datePublished":"2019-05-30T10:56:11+00:00","dateModified":"2025-06-20T08:16:06+00:00","breadcrumb":{"@id":"https:\/\/www.trullidimaya.com\/it\/la-visione\/#breadcrumb"},"inLanguage":"it-IT","potentialAction":[{"@type":"ReadAction","target":["https:\/\/www.trullidimaya.com\/it\/la-visione\/"]}]},{"@type":"ImageObject","inLanguage":"it-IT","@id":"https:\/\/www.trullidimaya.com\/it\/la-visione\/#primaryimage","url":"https:\/\/www.trullidimaya.com\/wp-content\/uploads\/2020\/03\/punto.jpg","contentUrl":"https:\/\/www.trullidimaya.com\/wp-content\/uploads\/2020\/03\/punto.jpg"},{"@type":"BreadcrumbList","@id":"https:\/\/www.trullidimaya.com\/it\/la-visione\/#breadcrumb","itemListElement":[{"@type":"ListItem","position":1,"name":"Home","item":"https:\/\/www.trullidimaya.com\/it\/"},{"@type":"ListItem","position":2,"name":"In-canto GIARDINO DELL&#8217;ANIMA"}]},{"@type":"WebSite","@id":"https:\/\/www.trullidimaya.com\/it\/#website","url":"https:\/\/www.trullidimaya.com\/it\/","name":"Trulli di Maya","description":"Il giardino dell\u2019anima","potentialAction":[{"@type":"SearchAction","target":{"@type":"EntryPoint","urlTemplate":"https:\/\/www.trullidimaya.com\/it\/?s={search_term_string}"},"query-input":{"@type":"PropertyValueSpecification","valueRequired":true,"valueName":"search_term_string"}}],"inLanguage":"it-IT"}]}},"_links":{"self":[{"href":"https:\/\/www.trullidimaya.com\/it\/wp-json\/wp\/v2\/pages\/533","targetHints":{"allow":["GET"]}}],"collection":[{"href":"https:\/\/www.trullidimaya.com\/it\/wp-json\/wp\/v2\/pages"}],"about":[{"href":"https:\/\/www.trullidimaya.com\/it\/wp-json\/wp\/v2\/types\/page"}],"author":[{"embeddable":true,"href":"https:\/\/www.trullidimaya.com\/it\/wp-json\/wp\/v2\/users\/1"}],"replies":[{"embeddable":true,"href":"https:\/\/www.trullidimaya.com\/it\/wp-json\/wp\/v2\/comments?post=533"}],"version-history":[{"count":35,"href":"https:\/\/www.trullidimaya.com\/it\/wp-json\/wp\/v2\/pages\/533\/revisions"}],"predecessor-version":[{"id":6338,"href":"https:\/\/www.trullidimaya.com\/it\/wp-json\/wp\/v2\/pages\/533\/revisions\/6338"}],"wp:attachment":[{"href":"https:\/\/www.trullidimaya.com\/it\/wp-json\/wp\/v2\/media?parent=533"}],"curies":[{"name":"wp","href":"https:\/\/api.w.org\/{rel}","templated":true}]}}