{"id":5475,"date":"2025-04-27T13:33:16","date_gmt":"2025-04-27T11:33:16","guid":{"rendered":"https:\/\/www.trullidimaya.com\/?page_id=5475"},"modified":"2025-06-20T10:22:31","modified_gmt":"2025-06-20T08:22:31","slug":"vita-di-campagna","status":"publish","type":"page","link":"https:\/\/www.trullidimaya.com\/it\/vita-di-campagna\/","title":{"rendered":"VITA DI CAMPAGNA"},"content":{"rendered":"<div class=\"wpb-content-wrapper\"><p>[vc_row css_animation=&#8221;&#8221; row_type=&#8221;row&#8221; use_row_as_full_screen_section=&#8221;no&#8221; type=&#8221;grid&#8221; angled_section=&#8221;no&#8221; text_align=&#8221;center&#8221; background_image_as_pattern=&#8221;without_pattern&#8221; z_index=&#8221;&#8221;][vc_column][vc_empty_space height=&#8221;40px&#8221;][\/vc_column][\/vc_row][vc_row css_animation=&#8221;&#8221; row_type=&#8221;row&#8221; use_row_as_full_screen_section=&#8221;no&#8221; type=&#8221;grid&#8221; angled_section=&#8221;no&#8221; text_align=&#8221;left&#8221; background_image_as_pattern=&#8221;without_pattern&#8221; z_index=&#8221;&#8221;][vc_column][vc_single_image image=&#8221;4187&#8243; img_size=&#8221;full&#8221; alignment=&#8221;center&#8221; qode_css_animation=&#8221;&#8221;][\/vc_column][\/vc_row][vc_row css_animation=&#8221;&#8221; row_type=&#8221;row&#8221; use_row_as_full_screen_section=&#8221;no&#8221; type=&#8221;grid&#8221; angled_section=&#8221;no&#8221; text_align=&#8221;center&#8221; background_image_as_pattern=&#8221;without_pattern&#8221; z_index=&#8221;&#8221;][vc_column][vc_empty_space height=&#8221;80px&#8221;][\/vc_column][\/vc_row][vc_row css_animation=&#8221;&#8221; row_type=&#8221;row&#8221; use_row_as_full_screen_section=&#8221;no&#8221; type=&#8221;grid&#8221; angled_section=&#8221;no&#8221; text_align=&#8221;left&#8221; background_image_as_pattern=&#8221;without_pattern&#8221; z_index=&#8221;&#8221;][vc_column][vc_column_text]<\/p>\n<h4>VITA DI CAMPAGNA<\/h4>\n<h2 class=\"p1\"><\/h2>\n<p>[\/vc_column_text][vc_empty_space height=&#8221;10px&#8221;][\/vc_column][\/vc_row][vc_row css_animation=&#8221;&#8221; row_type=&#8221;row&#8221; use_row_as_full_screen_section=&#8221;no&#8221; type=&#8221;grid&#8221; angled_section=&#8221;no&#8221; text_align=&#8221;left&#8221; background_image_as_pattern=&#8221;without_pattern&#8221; z_index=&#8221;&#8221;][vc_column][vc_column_text]<\/p>\n<p class=\"p1\">Vivere ai Trulli significa riscoprire il valore della semplicit\u00e0: uova fresche delle nostre galline raccolte al mattino, verdure dell\u2019orto, frutti maturi e olio d\u2019oliva della nostra terra. Ogni giorno \u00e8 un invito a nutrirsi in armonia con la natura, lasciandosi guidare dai suoi ritmi e dalla sua generosa abbondanza.<\/p>\n<p>[\/vc_column_text][vc_empty_space height=&#8221;80px&#8221;][\/vc_column][\/vc_row][vc_row css_animation=&#8221;&#8221; row_type=&#8221;row&#8221; use_row_as_full_screen_section=&#8221;no&#8221; type=&#8221;grid&#8221; angled_section=&#8221;no&#8221; text_align=&#8221;left&#8221; background_image_as_pattern=&#8221;without_pattern&#8221; z_index=&#8221;&#8221;][vc_column width=&#8221;1\/2&#8243;][vc_single_image image=&#8221;3935&#8243; img_size=&#8221;full&#8221; alignment=&#8221;center&#8221; qode_css_animation=&#8221;&#8221;][vc_empty_space height=&#8221;40px&#8221;][\/vc_column][vc_column width=&#8221;1\/2&#8243;][vc_single_image image=&#8221;3933&#8243; img_size=&#8221;full&#8221; alignment=&#8221;center&#8221; qode_css_animation=&#8221;&#8221;][vc_empty_space height=&#8221;40px&#8221;][\/vc_column][\/vc_row][vc_row css_animation=&#8221;&#8221; row_type=&#8221;row&#8221; use_row_as_full_screen_section=&#8221;no&#8221; type=&#8221;grid&#8221; angled_section=&#8221;no&#8221; text_align=&#8221;left&#8221; background_image_as_pattern=&#8221;without_pattern&#8221; z_index=&#8221;&#8221;][vc_column][vc_empty_space height=&#8221;80px&#8221;][vc_column_text]<\/p>\n<h4>NOSTRI AMICI<\/h4>\n<h2 class=\"p1\"><\/h2>\n<p>[\/vc_column_text][\/vc_column][\/vc_row][vc_row css_animation=&#8221;&#8221; row_type=&#8221;row&#8221; use_row_as_full_screen_section=&#8221;no&#8221; type=&#8221;grid&#8221; angled_section=&#8221;no&#8221; text_align=&#8221;left&#8221; background_image_as_pattern=&#8221;without_pattern&#8221; z_index=&#8221;&#8221;][vc_column][vc_empty_space height=&#8221;10px&#8221;][vc_column_text]<\/p>\n<p data-start=\"89\" data-end=\"537\">La nostra famiglia cresce con il tempo, riempiendo ogni giorno di dolcezza e meraviglia. Tina, Romeo e il piccolo Gelso \u2013 i nostri affettuosi asini \u2013 sono compagni silenziosi che portano allegria e presenza. Attorno a loro, galline, galli e gatti animano i Trulli con una vivacit\u00e0 semplice e autentica. \u00c8 la vita che si manifesta nei suoi gesti pi\u00f9 veri, fatta di sorrisi spontanei e piccoli doni quotidiani che scaldano il cuore.<\/p>\n<p>[\/vc_column_text][vc_empty_space height=&#8221;80px&#8221;][\/vc_column][\/vc_row][vc_row css_animation=&#8221;&#8221; row_type=&#8221;row&#8221; use_row_as_full_screen_section=&#8221;no&#8221; type=&#8221;grid&#8221; angled_section=&#8221;no&#8221; text_align=&#8221;left&#8221; background_image_as_pattern=&#8221;without_pattern&#8221; z_index=&#8221;&#8221;][vc_column width=&#8221;1\/2&#8243;][vc_single_image image=&#8221;4118&#8243; img_size=&#8221;full&#8221; alignment=&#8221;center&#8221; qode_css_animation=&#8221;&#8221;][vc_empty_space height=&#8221;40px&#8221;][\/vc_column][vc_column width=&#8221;1\/2&#8243;][vc_single_image image=&#8221;4201&#8243; img_size=&#8221;full&#8221; alignment=&#8221;center&#8221; qode_css_animation=&#8221;&#8221;][vc_empty_space height=&#8221;40px&#8221;][\/vc_column][\/vc_row][vc_row css_animation=&#8221;&#8221; row_type=&#8221;row&#8221; use_row_as_full_screen_section=&#8221;no&#8221; type=&#8221;full_width&#8221; angled_section=&#8221;no&#8221; text_align=&#8221;left&#8221; background_image_as_pattern=&#8221;without_pattern&#8221;][vc_column][vc_empty_space height=&#8221;80px&#8221;][\/vc_column][\/vc_row][vc_row css_animation=&#8221;&#8221; row_type=&#8221;row&#8221; use_row_as_full_screen_section=&#8221;no&#8221; type=&#8221;grid&#8221; angled_section=&#8221;no&#8221; text_align=&#8221;left&#8221; background_image_as_pattern=&#8221;without_pattern&#8221; z_index=&#8221;&#8221;][vc_column][vc_empty_space height=&#8221;40px&#8221;][vc_column_text]<\/p>\n<h4>SCOPRI I DINTORNI<\/h4>\n<h2 class=\"p1\"><\/h2>\n<p>[\/vc_column_text][vc_empty_space height=&#8221;10px&#8221;][vc_column_text]<\/p>\n<p data-start=\"97\" data-end=\"490\">Intorno ai Trulli si apre un paesaggio che incanta i sensi: profumi intensi, colori vibranti e sentieri che invitano a camminare con lentezza. A piedi, in bicicletta o a cavallo, \u00e8 possibile esplorare la campagna circostante e lasciarsi guidare dalla bellezza autentica della Puglia. Un percorso di 25 km parte proprio da qui, per perdersi nella meraviglia di una terra generosa e senza tempo.<\/p>\n<p>[\/vc_column_text][vc_empty_space height=&#8221;40px&#8221;][\/vc_column][\/vc_row][vc_row css_animation=&#8221;&#8221; row_type=&#8221;row&#8221; use_row_as_full_screen_section=&#8221;no&#8221; type=&#8221;grid&#8221; angled_section=&#8221;no&#8221; text_align=&#8221;left&#8221; background_image_as_pattern=&#8221;without_pattern&#8221; z_index=&#8221;&#8221;][vc_column width=&#8221;1\/2&#8243;][vc_single_image image=&#8221;5533&#8243; img_size=&#8221;full&#8221; alignment=&#8221;center&#8221; qode_css_animation=&#8221;&#8221;][vc_empty_space height=&#8221;40px&#8221;][\/vc_column][vc_column width=&#8221;1\/2&#8243;][vc_single_image image=&#8221;5521&#8243; img_size=&#8221;full&#8221; alignment=&#8221;center&#8221; qode_css_animation=&#8221;&#8221;][vc_empty_space height=&#8221;40px&#8221;][\/vc_column][\/vc_row][vc_row css_animation=&#8221;&#8221; row_type=&#8221;row&#8221; use_row_as_full_screen_section=&#8221;no&#8221; type=&#8221;grid&#8221; angled_section=&#8221;no&#8221; text_align=&#8221;left&#8221; background_image_as_pattern=&#8221;without_pattern&#8221; z_index=&#8221;&#8221;][vc_column][vc_empty_space height=&#8221;40px&#8221;][vc_column_text]<\/p>\n<h4>GODITI IL MARE MEDITERRANEO<\/h4>\n<h2 class=\"p1\"><\/h2>\n<p>[\/vc_column_text][vc_empty_space height=&#8221;10px&#8221;][vc_column_text]<\/p>\n<p data-start=\"82\" data-end=\"429\">A pochi chilometri dai Trulli, il paesaggio si apre al blu del mare. In soli 20\u201330 minuti di auto si raggiunge la costa, dove spiagge dorate e acque cristalline accolgono chi cerca il respiro del Mediterraneo. Tra queste, la Riserva Naturale di Torre Guaceto, un angolo protetto di pura bellezza, dove la natura si esprime in tutta la sua armonia.<\/p>\n<p>[\/vc_column_text][vc_empty_space height=&#8221;40px&#8221;][\/vc_column][\/vc_row][vc_row css_animation=&#8221;&#8221; row_type=&#8221;row&#8221; use_row_as_full_screen_section=&#8221;no&#8221; type=&#8221;grid&#8221; angled_section=&#8221;no&#8221; text_align=&#8221;left&#8221; background_image_as_pattern=&#8221;without_pattern&#8221; z_index=&#8221;&#8221;][vc_column width=&#8221;1\/2&#8243;][vc_raw_html]JTNDdmlkZW8lMjB3aWR0aCUzRCUyMjEwMCUyNSUyMiUyMGF1dG9wbGF5JTIwbXV0ZWQlMjBsb29wJTIwcGxheXNpbmxpbmUlM0UlMEElMjAlMjAlMjAlMjAlM0Nzb3VyY2UlMjBzcmMlM0QlMjJodHRwcyUzQSUyRiUyRnd3dy50cnVsbGlkaW1heWEuY29tJTJGd3AtY29udGVudCUyRnVwbG9hZHMlMkYyMDI1JTJGMDMlMkZXaGF0c0FwcC1WaWRlby0yMDI1LTAzLTA0LWF0LTIwLjEzLjU2LTEubXA0JTIyJTIwdHlwZSUzRCUyMnZpZGVvJTJGbXA0JTIyJTNFJTBBJTIwJTIwJTIwJTIwVHUlMjBuYXZlZ2Fkb3IlMjBubyUyMHNvcG9ydGElMjBsYSUyMHJlcHJvZHVjY2klQzMlQjNuJTIwZGUlMjB2aWRlb3MuJTBBJTNDJTJGdmlkZW8lM0U=[\/vc_raw_html][vc_empty_space height=&#8221;40px&#8221;][\/vc_column][vc_column width=&#8221;1\/2&#8243;][vc_raw_html]JTNDdmlkZW8lMjB3aWR0aCUzRCUyMjEwMCUyNSUyMiUyMGF1dG9wbGF5JTIwbXV0ZWQlMjBsb29wJTIwcGxheXNpbmxpbmUlM0UlMEElMjAlMjAlMjAlMjAlM0Nzb3VyY2UlMjBzcmMlM0QlMjJodHRwcyUzQSUyRiUyRnd3dy50cnVsbGlkaW1heWEuY29tJTJGd3AtY29udGVudCUyRnVwbG9hZHMlMkYyMDI1JTJGMDMlMkZXaGF0c0FwcC1WaWRlby0yMDI1LTAzLTA0LWF0LTIwLjEzLjU2LTIubXA0JTIyJTIwdHlwZSUzRCUyMnZpZGVvJTJGbXA0JTIyJTNFJTBBJTIwJTIwJTIwJTIwVHUlMjBuYXZlZ2Fkb3IlMjBubyUyMHNvcG9ydGElMjBsYSUyMHJlcHJvZHVjY2klQzMlQjNuJTIwZGUlMjB2aWRlb3MuJTBBJTNDJTJGdmlkZW8lM0U=[\/vc_raw_html][vc_empty_space height=&#8221;40px&#8221;][\/vc_column][\/vc_row][vc_row css_animation=&#8221;&#8221; row_type=&#8221;row&#8221; use_row_as_full_screen_section=&#8221;no&#8221; type=&#8221;grid&#8221; angled_section=&#8221;no&#8221; text_align=&#8221;left&#8221; background_image_as_pattern=&#8221;without_pattern&#8221; z_index=&#8221;&#8221;][vc_column][vc_empty_space height=&#8221;80px&#8221;][\/vc_column][\/vc_row][vc_row css_animation=&#8221;&#8221; row_type=&#8221;row&#8221; use_row_as_full_screen_section=&#8221;no&#8221; type=&#8221;full_width&#8221; angled_section=&#8221;no&#8221; text_align=&#8221;left&#8221; background_image_as_pattern=&#8221;without_pattern&#8221; z_index=&#8221;&#8221; padding_top=&#8221;100&#8243; padding_bottom=&#8221;100&#8243;][vc_column][vc_column_text]<\/p>\n<h5 style=\"text-align: center;\"><img decoding=\"async\" class=\"alignnone wp-image-1128\" style=\"vertical-align: middle;\" src=\"https:\/\/www.trullidimaya.com\/wp-content\/uploads\/2020\/03\/punto.jpg\" alt=\"\" width=\"19\" height=\"19\" \/> \u00a0\u00a0\u00a0\u00a0\u00a0 <a href=\"https:\/\/www.facebook.com\/mayadutuni\" target=\"_blank\" rel=\"noopener noreferrer\">FACEBOOK<\/a> \u00a0 \u00a0 \u00a0 <a href=\"https:\/\/www.instagram.com\/trullidimaya\/\" target=\"_blank\" rel=\"noopener noreferrer\">INSTAGRAM<\/a>\u00a0 \u00a0 \u00a0 <a href=\"https:\/\/www.trullidimaya.com\/it\/term-and-conditions\/\">TERM &amp; CONDITIONS \u00a0<\/a> \u00a0 \u00a0\u00a0 PRIVACY POLICIES \u00a0 \u00a0\u00a0 FAQ&#8217;S<\/h5>\n<p>[\/vc_column_text][\/vc_column][\/vc_row][vc_row css_animation=&#8221;&#8221; row_type=&#8221;row&#8221; use_row_as_full_screen_section=&#8221;no&#8221; type=&#8221;full_width&#8221; angled_section=&#8221;no&#8221; text_align=&#8221;left&#8221; background_image_as_pattern=&#8221;without_pattern&#8221;][vc_column][vc_empty_space height=&#8221;64px&#8221;][\/vc_column][\/vc_row]<\/p>\n<\/div>","protected":false},"excerpt":{"rendered":"<p>[vc_row css_animation=&#8221;&#8221; row_type=&#8221;row&#8221; use_row_as_full_screen_section=&#8221;no&#8221; type=&#8221;grid&#8221; angled_section=&#8221;no&#8221; text_align=&#8221;center&#8221; background_image_as_pattern=&#8221;without_pattern&#8221; z_index=&#8221;&#8221;][vc_column][vc_empty_space height=&#8221;40px&#8221;][\/vc_column][\/vc_row][vc_row css_animation=&#8221;&#8221; row_type=&#8221;row&#8221; use_row_as_full_screen_section=&#8221;no&#8221; type=&#8221;grid&#8221; angled_section=&#8221;no&#8221; text_align=&#8221;left&#8221; background_image_as_pattern=&#8221;without_pattern&#8221; z_index=&#8221;&#8221;][vc_column][vc_single_image image=&#8221;4187&#8243; img_size=&#8221;full&#8221; alignment=&#8221;center&#8221; qode_css_animation=&#8221;&#8221;][\/vc_column][\/vc_row][vc_row css_animation=&#8221;&#8221; row_type=&#8221;row&#8221; use_row_as_full_screen_section=&#8221;no&#8221; type=&#8221;grid&#8221; angled_section=&#8221;no&#8221; text_align=&#8221;center&#8221; background_image_as_pattern=&#8221;without_pattern&#8221; z_index=&#8221;&#8221;][vc_column][vc_empty_space height=&#8221;80px&#8221;][\/vc_column][\/vc_row][vc_row css_animation=&#8221;&#8221; row_type=&#8221;row&#8221; use_row_as_full_screen_section=&#8221;no&#8221; type=&#8221;grid&#8221; angled_section=&#8221;no&#8221; text_align=&#8221;left&#8221; background_image_as_pattern=&#8221;without_pattern&#8221; z_index=&#8221;&#8221;][vc_column][vc_column_text] VITA DI CAMPAGNA [\/vc_column_text][vc_empty_space height=&#8221;10px&#8221;][\/vc_column][\/vc_row][vc_row css_animation=&#8221;&#8221;&#8230;<\/p>\n","protected":false},"author":1,"featured_media":0,"parent":0,"menu_order":0,"comment_status":"closed","ping_status":"closed","template":"","meta":{"footnotes":""},"class_list":["post-5475","page","type-page","status-publish","hentry"],"yoast_head":"<!-- This site is optimized with the Yoast SEO plugin v27.1.1 - https:\/\/yoast.com\/product\/yoast-seo-wordpress\/ -->\n<title>VITA DI CAMPAGNA - Trulli di Maya<\/title>\n<meta name=\"robots\" content=\"index, follow, max-snippet:-1, max-image-preview:large, max-video-preview:-1\" \/>\n<link rel=\"canonical\" href=\"https:\/\/www.trullidimaya.com\/it\/vita-di-campagna\/\" \/>\n<meta property=\"og:locale\" content=\"it_IT\" \/>\n<meta property=\"og:type\" content=\"article\" \/>\n<meta property=\"og:title\" content=\"VITA DI CAMPAGNA - Trulli di Maya\" \/>\n<meta property=\"og:description\" content=\"[vc_row css_animation=&#8221;&#8221; row_type=&#8221;row&#8221; use_row_as_full_screen_section=&#8221;no&#8221; type=&#8221;grid&#8221; angled_section=&#8221;no&#8221; text_align=&#8221;center&#8221; background_image_as_pattern=&#8221;without_pattern&#8221; z_index=&#8221;&#8221;][vc_column][vc_empty_space height=&#8221;40px&#8221;][\/vc_column][\/vc_row][vc_row css_animation=&#8221;&#8221; row_type=&#8221;row&#8221; use_row_as_full_screen_section=&#8221;no&#8221; type=&#8221;grid&#8221; angled_section=&#8221;no&#8221; text_align=&#8221;left&#8221; background_image_as_pattern=&#8221;without_pattern&#8221; z_index=&#8221;&#8221;][vc_column][vc_single_image image=&#8221;4187&#8243; img_size=&#8221;full&#8221; alignment=&#8221;center&#8221; qode_css_animation=&#8221;&#8221;][\/vc_column][\/vc_row][vc_row css_animation=&#8221;&#8221; row_type=&#8221;row&#8221; use_row_as_full_screen_section=&#8221;no&#8221; type=&#8221;grid&#8221; angled_section=&#8221;no&#8221; text_align=&#8221;center&#8221; background_image_as_pattern=&#8221;without_pattern&#8221; z_index=&#8221;&#8221;][vc_column][vc_empty_space height=&#8221;80px&#8221;][\/vc_column][\/vc_row][vc_row css_animation=&#8221;&#8221; row_type=&#8221;row&#8221; use_row_as_full_screen_section=&#8221;no&#8221; type=&#8221;grid&#8221; angled_section=&#8221;no&#8221; text_align=&#8221;left&#8221; background_image_as_pattern=&#8221;without_pattern&#8221; z_index=&#8221;&#8221;][vc_column][vc_column_text] VITA DI CAMPAGNA [\/vc_column_text][vc_empty_space height=&#8221;10px&#8221;][\/vc_column][\/vc_row][vc_row css_animation=&#8221;&#8221;...\" \/>\n<meta property=\"og:url\" content=\"https:\/\/www.trullidimaya.com\/it\/vita-di-campagna\/\" \/>\n<meta property=\"og:site_name\" content=\"Trulli di Maya\" \/>\n<meta property=\"article:modified_time\" content=\"2025-06-20T08:22:31+00:00\" \/>\n<meta property=\"og:image\" content=\"https:\/\/www.trullidimaya.com\/wp-content\/uploads\/2020\/03\/punto.jpg\" \/>\n<meta name=\"twitter:card\" content=\"summary_large_image\" \/>\n<meta name=\"twitter:label1\" content=\"Tempo di lettura stimato\" \/>\n\t<meta name=\"twitter:data1\" content=\"3 minuti\" \/>\n<script type=\"application\/ld+json\" class=\"yoast-schema-graph\">{\"@context\":\"https:\/\/schema.org\",\"@graph\":[{\"@type\":\"WebPage\",\"@id\":\"https:\/\/www.trullidimaya.com\/it\/vita-di-campagna\/\",\"url\":\"https:\/\/www.trullidimaya.com\/it\/vita-di-campagna\/\",\"name\":\"VITA DI CAMPAGNA - Trulli di Maya\",\"isPartOf\":{\"@id\":\"https:\/\/www.trullidimaya.com\/it\/#website\"},\"primaryImageOfPage\":{\"@id\":\"https:\/\/www.trullidimaya.com\/it\/vita-di-campagna\/#primaryimage\"},\"image\":{\"@id\":\"https:\/\/www.trullidimaya.com\/it\/vita-di-campagna\/#primaryimage\"},\"thumbnailUrl\":\"https:\/\/www.trullidimaya.com\/wp-content\/uploads\/2020\/03\/punto.jpg\",\"datePublished\":\"2025-04-27T11:33:16+00:00\",\"dateModified\":\"2025-06-20T08:22:31+00:00\",\"breadcrumb\":{\"@id\":\"https:\/\/www.trullidimaya.com\/it\/vita-di-campagna\/#breadcrumb\"},\"inLanguage\":\"it-IT\",\"potentialAction\":[{\"@type\":\"ReadAction\",\"target\":[\"https:\/\/www.trullidimaya.com\/it\/vita-di-campagna\/\"]}]},{\"@type\":\"ImageObject\",\"inLanguage\":\"it-IT\",\"@id\":\"https:\/\/www.trullidimaya.com\/it\/vita-di-campagna\/#primaryimage\",\"url\":\"https:\/\/www.trullidimaya.com\/wp-content\/uploads\/2020\/03\/punto.jpg\",\"contentUrl\":\"https:\/\/www.trullidimaya.com\/wp-content\/uploads\/2020\/03\/punto.jpg\"},{\"@type\":\"BreadcrumbList\",\"@id\":\"https:\/\/www.trullidimaya.com\/it\/vita-di-campagna\/#breadcrumb\",\"itemListElement\":[{\"@type\":\"ListItem\",\"position\":1,\"name\":\"Home\",\"item\":\"https:\/\/www.trullidimaya.com\/it\/\"},{\"@type\":\"ListItem\",\"position\":2,\"name\":\"VITA DI CAMPAGNA\"}]},{\"@type\":\"WebSite\",\"@id\":\"https:\/\/www.trullidimaya.com\/it\/#website\",\"url\":\"https:\/\/www.trullidimaya.com\/it\/\",\"name\":\"Trulli di Maya\",\"description\":\"Il giardino dell\u2019anima\",\"potentialAction\":[{\"@type\":\"SearchAction\",\"target\":{\"@type\":\"EntryPoint\",\"urlTemplate\":\"https:\/\/www.trullidimaya.com\/it\/?s={search_term_string}\"},\"query-input\":{\"@type\":\"PropertyValueSpecification\",\"valueRequired\":true,\"valueName\":\"search_term_string\"}}],\"inLanguage\":\"it-IT\"}]}<\/script>\n<!-- \/ Yoast SEO plugin. -->","yoast_head_json":{"title":"VITA DI CAMPAGNA - Trulli di Maya","robots":{"index":"index","follow":"follow","max-snippet":"max-snippet:-1","max-image-preview":"max-image-preview:large","max-video-preview":"max-video-preview:-1"},"canonical":"https:\/\/www.trullidimaya.com\/it\/vita-di-campagna\/","og_locale":"it_IT","og_type":"article","og_title":"VITA DI CAMPAGNA - Trulli di Maya","og_description":"[vc_row css_animation=&#8221;&#8221; row_type=&#8221;row&#8221; use_row_as_full_screen_section=&#8221;no&#8221; type=&#8221;grid&#8221; angled_section=&#8221;no&#8221; text_align=&#8221;center&#8221; background_image_as_pattern=&#8221;without_pattern&#8221; z_index=&#8221;&#8221;][vc_column][vc_empty_space height=&#8221;40px&#8221;][\/vc_column][\/vc_row][vc_row css_animation=&#8221;&#8221; row_type=&#8221;row&#8221; use_row_as_full_screen_section=&#8221;no&#8221; type=&#8221;grid&#8221; angled_section=&#8221;no&#8221; text_align=&#8221;left&#8221; background_image_as_pattern=&#8221;without_pattern&#8221; z_index=&#8221;&#8221;][vc_column][vc_single_image image=&#8221;4187&#8243; img_size=&#8221;full&#8221; alignment=&#8221;center&#8221; qode_css_animation=&#8221;&#8221;][\/vc_column][\/vc_row][vc_row css_animation=&#8221;&#8221; row_type=&#8221;row&#8221; use_row_as_full_screen_section=&#8221;no&#8221; type=&#8221;grid&#8221; angled_section=&#8221;no&#8221; text_align=&#8221;center&#8221; background_image_as_pattern=&#8221;without_pattern&#8221; z_index=&#8221;&#8221;][vc_column][vc_empty_space height=&#8221;80px&#8221;][\/vc_column][\/vc_row][vc_row css_animation=&#8221;&#8221; row_type=&#8221;row&#8221; use_row_as_full_screen_section=&#8221;no&#8221; type=&#8221;grid&#8221; angled_section=&#8221;no&#8221; text_align=&#8221;left&#8221; background_image_as_pattern=&#8221;without_pattern&#8221; z_index=&#8221;&#8221;][vc_column][vc_column_text] VITA DI CAMPAGNA [\/vc_column_text][vc_empty_space height=&#8221;10px&#8221;][\/vc_column][\/vc_row][vc_row css_animation=&#8221;&#8221;...","og_url":"https:\/\/www.trullidimaya.com\/it\/vita-di-campagna\/","og_site_name":"Trulli di Maya","article_modified_time":"2025-06-20T08:22:31+00:00","og_image":[{"url":"https:\/\/www.trullidimaya.com\/wp-content\/uploads\/2020\/03\/punto.jpg","type":"","width":"","height":""}],"twitter_card":"summary_large_image","twitter_misc":{"Tempo di lettura stimato":"3 minuti"},"schema":{"@context":"https:\/\/schema.org","@graph":[{"@type":"WebPage","@id":"https:\/\/www.trullidimaya.com\/it\/vita-di-campagna\/","url":"https:\/\/www.trullidimaya.com\/it\/vita-di-campagna\/","name":"VITA DI CAMPAGNA - Trulli di Maya","isPartOf":{"@id":"https:\/\/www.trullidimaya.com\/it\/#website"},"primaryImageOfPage":{"@id":"https:\/\/www.trullidimaya.com\/it\/vita-di-campagna\/#primaryimage"},"image":{"@id":"https:\/\/www.trullidimaya.com\/it\/vita-di-campagna\/#primaryimage"},"thumbnailUrl":"https:\/\/www.trullidimaya.com\/wp-content\/uploads\/2020\/03\/punto.jpg","datePublished":"2025-04-27T11:33:16+00:00","dateModified":"2025-06-20T08:22:31+00:00","breadcrumb":{"@id":"https:\/\/www.trullidimaya.com\/it\/vita-di-campagna\/#breadcrumb"},"inLanguage":"it-IT","potentialAction":[{"@type":"ReadAction","target":["https:\/\/www.trullidimaya.com\/it\/vita-di-campagna\/"]}]},{"@type":"ImageObject","inLanguage":"it-IT","@id":"https:\/\/www.trullidimaya.com\/it\/vita-di-campagna\/#primaryimage","url":"https:\/\/www.trullidimaya.com\/wp-content\/uploads\/2020\/03\/punto.jpg","contentUrl":"https:\/\/www.trullidimaya.com\/wp-content\/uploads\/2020\/03\/punto.jpg"},{"@type":"BreadcrumbList","@id":"https:\/\/www.trullidimaya.com\/it\/vita-di-campagna\/#breadcrumb","itemListElement":[{"@type":"ListItem","position":1,"name":"Home","item":"https:\/\/www.trullidimaya.com\/it\/"},{"@type":"ListItem","position":2,"name":"VITA DI CAMPAGNA"}]},{"@type":"WebSite","@id":"https:\/\/www.trullidimaya.com\/it\/#website","url":"https:\/\/www.trullidimaya.com\/it\/","name":"Trulli di Maya","description":"Il giardino dell\u2019anima","potentialAction":[{"@type":"SearchAction","target":{"@type":"EntryPoint","urlTemplate":"https:\/\/www.trullidimaya.com\/it\/?s={search_term_string}"},"query-input":{"@type":"PropertyValueSpecification","valueRequired":true,"valueName":"search_term_string"}}],"inLanguage":"it-IT"}]}},"_links":{"self":[{"href":"https:\/\/www.trullidimaya.com\/it\/wp-json\/wp\/v2\/pages\/5475","targetHints":{"allow":["GET"]}}],"collection":[{"href":"https:\/\/www.trullidimaya.com\/it\/wp-json\/wp\/v2\/pages"}],"about":[{"href":"https:\/\/www.trullidimaya.com\/it\/wp-json\/wp\/v2\/types\/page"}],"author":[{"embeddable":true,"href":"https:\/\/www.trullidimaya.com\/it\/wp-json\/wp\/v2\/users\/1"}],"replies":[{"embeddable":true,"href":"https:\/\/www.trullidimaya.com\/it\/wp-json\/wp\/v2\/comments?post=5475"}],"version-history":[{"count":12,"href":"https:\/\/www.trullidimaya.com\/it\/wp-json\/wp\/v2\/pages\/5475\/revisions"}],"predecessor-version":[{"id":6339,"href":"https:\/\/www.trullidimaya.com\/it\/wp-json\/wp\/v2\/pages\/5475\/revisions\/6339"}],"wp:attachment":[{"href":"https:\/\/www.trullidimaya.com\/it\/wp-json\/wp\/v2\/media?parent=5475"}],"curies":[{"name":"wp","href":"https:\/\/api.w.org\/{rel}","templated":true}]}}